{"id":419,"date":"2018-03-19T07:18:00","date_gmt":"2018-03-19T07:18:00","guid":{"rendered":"http:\/\/themes.radiantthemes.com\/constructionpress\/?page_id=419"},"modified":"2024-06-30T21:25:08","modified_gmt":"2024-06-30T21:25:08","slug":"gorsko-services","status":"publish","type":"page","link":"https:\/\/gorsko-constructions.com\/tr\/gorsko-services\/","title":{"rendered":"Hi\u0307zmetler"},"content":{"rendered":"<div class=\"wpb-content-wrapper\"><section data-vc-full-width=\"true\" data-vc-full-width-init=\"false\" class=\"vc_section vc_custom_1521461302789 vc_section-has-fill\"><div data-vc-full-width=\"true\" data-vc-full-width-init=\"false\" class=\"vc_row wpb_row vc_row-fluid vc_custom_1521535279484\"><div class=\"wpb_column vc_column_container vc_col-sm-12\"><div class=\"vc_column-inner vc_custom_1521461320441\"><div class=\"wpb_wrapper\"><h1 style=\"font-size: 35px;line-height: 45px;text-align: center\" class=\"vc_custom_heading font-weight-extrabold vc_custom_1714598409130\" >Montajl\u0131 Ah\u015fap Yap\u0131 Teslimat\u0131<\/h1>\n\t<div class=\"wpb_text_column wpb_content_element  vc_custom_1714598434998\" >\n\t\t<div class=\"wpb_wrapper\">\n\t\t\t<p style=\"text-align: center;\"><span style=\"font-weight: 400;\">Hizmetlerimiz aras\u0131nda, arzu edilen a\u015famaya kadar monte edilmi\u015f ah\u015fap ev yap\u0131lar\u0131 da yer al\u0131yor.<\/span><\/p>\n\n\t\t<\/div>\n\t<\/div>\n<\/div><\/div><\/div><\/div><div class=\"vc_row-full-width vc_clearfix\"><\/div><div data-vc-full-width=\"true\" data-vc-full-width-init=\"false\" class=\"vc_row wpb_row vc_row-fluid vc_custom_1521535443613 vc_column-gap-30 vc_row-o-equal-height vc_row-flex\"><div class=\"wpb_animate_when_almost_visible wpb_zoomIn zoomIn wpb_column vc_column_container vc_col-sm-3 vc_col-has-fill\"><div class=\"vc_column-inner vc_custom_1521540963031\"><div class=\"wpb_wrapper\">\n\t<div  class=\"wpb_single_image wpb_content_element vc_align_center  vc_custom_1719782597580\">\n\t\t\n\t\t<figure class=\"wpb_wrapper vc_figure\">\n\t\t\t<div class=\"vc_single_image-wrapper   vc_box_border_grey\"><img loading=\"lazy\" decoding=\"async\" width=\"80\" height=\"80\" src=\"https:\/\/gorsko-constructions.com\/wp-content\/uploads\/2018\/03\/Building-Maintanance-Icon-2.png\" class=\"vc_single_image-img attachment-full\" alt=\"Building-Maintanance-Icon\" title=\"Building-Maintanance-Icon\" \/><\/div>\n\t\t<\/figure>\n\t<\/div>\n<h4 style=\"font-size: 20px;line-height: 30px;text-align: center\" class=\"vc_custom_heading font-weight-bold vc_custom_1714600017022\" >Fabrikasyon<\/h4>\n\t<div class=\"wpb_text_column wpb_content_element  vc_custom_1714600030206\" >\n\t\t<div class=\"wpb_wrapper\">\n\t\t\t<p style=\"text-align: center;\"><span style=\"font-weight: 400;\">\u00dcretim tesisimizde, duvar elemanlar\u0131 i\u00e7in 15 mm OSB paneller veya tavan elemanlar\u0131 i\u00e7in 22 mm OSB paneller gibi tek paneller kullanarak duvar, tavan ve \u00e7at\u0131 bile\u015fenleri \u00fcretiyoruz.<\/span><\/p>\n\n\t\t<\/div>\n\t<\/div>\n<\/div><\/div><\/div><div class=\"wpb_animate_when_almost_visible wpb_zoomIn zoomIn wpb_column vc_column_container vc_col-sm-3 vc_col-has-fill\"><div class=\"vc_column-inner vc_custom_1521540968250\"><div class=\"wpb_wrapper\">\n\t<div  class=\"wpb_single_image wpb_content_element vc_align_center  vc_custom_1719782643536\">\n\t\t\n\t\t<figure class=\"wpb_wrapper vc_figure\">\n\t\t\t<div class=\"vc_single_image-wrapper   vc_box_border_grey\"><img loading=\"lazy\" decoding=\"async\" width=\"58\" height=\"59\" src=\"https:\/\/gorsko-constructions.com\/wp-content\/uploads\/2018\/03\/rocket.png\" class=\"vc_single_image-img attachment-full\" alt=\"\" title=\"rocket\" \/><\/div>\n\t\t<\/figure>\n\t<\/div>\n<h4 style=\"font-size: 20px;line-height: 30px;text-align: center\" class=\"vc_custom_heading font-weight-bold vc_custom_1714600049361\" >Nakliye<\/h4>\n\t<div class=\"wpb_text_column wpb_content_element  vc_custom_1714600222029\" >\n\t\t<div class=\"wpb_wrapper\">\n\t\t\t<p style=\"text-align: center;\"><span style=\"font-weight: 400;\">Duvar ve di\u011fer yap\u0131 bile\u015fenlerinin in\u015faat alan\u0131na nakliyesi. Nakliye hizmetimize, prefabrik materyallerin gerekli b\u00fcy\u00fckl\u00fc\u011f\u00fc ve a\u011f\u0131rl\u0131\u011f\u0131 g\u00fcvenli bir \u015fekilde kald\u0131rabilecek donan\u0131ma sahip \u00f6zel ara\u00e7lara y\u00fcklenmesi de dahildir.<\/span><\/p>\n\n\t\t<\/div>\n\t<\/div>\n<\/div><\/div><\/div><div class=\"wpb_animate_when_almost_visible wpb_zoomIn zoomIn wpb_column vc_column_container vc_col-sm-3 vc_col-has-fill\"><div class=\"vc_column-inner vc_custom_1521540974603\"><div class=\"wpb_wrapper\">\n\t<div  class=\"wpb_single_image wpb_content_element vc_align_center  vc_custom_1719782672014\">\n\t\t\n\t\t<figure class=\"wpb_wrapper vc_figure\">\n\t\t\t<div class=\"vc_single_image-wrapper   vc_box_border_grey\"><img loading=\"lazy\" decoding=\"async\" width=\"80\" height=\"80\" src=\"https:\/\/gorsko-constructions.com\/wp-content\/uploads\/2018\/03\/Isolation-Icon.png\" class=\"vc_single_image-img attachment-full\" alt=\"Isolation-Icon\" title=\"Isolation-Icon\" \/><\/div>\n\t\t<\/figure>\n\t<\/div>\n<h4 style=\"font-size: 20px;line-height: 30px;text-align: center\" class=\"vc_custom_heading font-weight-bold vc_custom_1714600076698\" >Kurulum<\/h4>\n\t<div class=\"wpb_text_column wpb_content_element  vc_custom_1714600433693\" >\n\t\t<div class=\"wpb_wrapper\">\n\t\t\t<p style=\"text-align: center;\">Yerinde kurulum i\u015flemi, duvarlar\u0131n, tavanlar\u0131n ve \u00e7at\u0131n\u0131n yerle\u015ftirilmesini i\u00e7erir. B\u00f6ylece her bir bile\u015fenin en y\u00fcksek dayan\u0131kl\u0131l\u0131k ve i\u015flevsellik standartlar\u0131n\u0131 kar\u015f\u0131layacak \u015fekilde monte edilmesi sa\u011flan\u0131r.<\/p>\n\n\t\t<\/div>\n\t<\/div>\n<\/div><\/div><\/div><div class=\"wpb_animate_when_almost_visible wpb_zoomIn zoomIn wpb_column vc_column_container vc_col-sm-3 vc_col-has-fill\"><div class=\"vc_column-inner vc_custom_1714599383123\"><div class=\"wpb_wrapper\">\n\t<div  class=\"wpb_single_image wpb_content_element vc_align_center  vc_custom_1719782703303\">\n\t\t\n\t\t<figure class=\"wpb_wrapper vc_figure\">\n\t\t\t<div class=\"vc_single_image-wrapper   vc_box_border_grey\"><img loading=\"lazy\" decoding=\"async\" width=\"80\" height=\"80\" src=\"https:\/\/gorsko-constructions.com\/wp-content\/uploads\/2018\/03\/Exterior-Design-Icon.png\" class=\"vc_single_image-img attachment-full\" alt=\"Exterior-Design-Icon\" title=\"Exterior-Design-Icon\" \/><\/div>\n\t\t<\/figure>\n\t<\/div>\n<h4 style=\"font-size: 20px;line-height: 30px;text-align: center\" class=\"vc_custom_heading font-weight-bold vc_custom_1714600255634\" >Ek i\u015fler<\/h4>\n\t<div class=\"wpb_text_column wpb_content_element  vc_custom_1714601407054\" >\n\t\t<div class=\"wpb_wrapper\">\n\t\t\t<p style=\"text-align: center;\"><span style=\"font-weight: 400;\">\u00c7at\u0131n\u0131n monte edilmesi, sac levha i\u015fleri, yal\u0131t\u0131m kurulumu ve cephenin tamamlanmas\u0131 gibi ek i\u015fler, proje gereksinimlerine ve m\u00fc\u015fteri tercihlerine uygun \u015fekilde \u00fcstlenilir.<\/span><\/p>\n\n\t\t<\/div>\n\t<\/div>\n<\/div><\/div><\/div><\/div><div class=\"vc_row-full-width vc_clearfix\"><\/div><\/section><div class=\"vc_row-full-width vc_clearfix\"><\/div><div data-vc-full-width=\"true\" data-vc-full-width-init=\"false\" data-vc-stretch-content=\"true\" class=\"vc_row wpb_row vc_row-fluid vc_custom_1521537650760 vc_row-no-padding vc_row-o-equal-height vc_row-o-content-bottom vc_row-flex\"><div class=\"wpb_column vc_column_container vc_col-sm-7 vc_col-has-fill\"><div class=\"vc_column-inner vc_custom_1715036795938\"><div class=\"wpb_wrapper\"><h3 style=\"font-size: 40px;color: #ffffff;line-height: 46px;text-align: left\" class=\"vc_custom_heading font-weight-extrabold vc_custom_1714601166224\" >Ah\u015fap sekt\u00f6r\u00fcnde<\/h3><h3 style=\"font-size: 40px;color: #fdbe21;line-height: 46px;text-align: left\" class=\"vc_custom_heading font-weight-extrabold vc_custom_1714601171950\" >Uzman dan\u0131\u015fmanl\u0131k ve e\u011fitim hizmeti<\/h3><div style=\"font-size: 18px;color: #ffffff;line-height: 28px;text-align: left\" class=\"vc_custom_heading font-weight-regular vc_custom_1714601207187\" >Ah\u015fap sekt\u00f6r\u00fcne \u00f6zel dan\u0131\u015fmanl\u0131k ve e\u011fitim hizmetleri sunuyoruz. Uzmanlar\u0131m\u0131z, tasar\u0131mdan bak\u0131ma ah\u015fap yap\u0131 konusunda \u00e7e\u015fitli a\u00e7\u0131lardan rehberlik sa\u011fl\u0131yor. Ki\u015fisel dan\u0131\u015fmanl\u0131k arac\u0131l\u0131\u011f\u0131yla m\u00fc\u015fterilerimize karma\u015f\u0131k projelerde destek oluyoruz.<\/div><\/div><\/div><\/div><div class=\"wpb_column vc_column_container vc_col-sm-5 vc_col-has-fill\"><div class=\"vc_column-inner vc_custom_1521536979434\"><div class=\"wpb_wrapper\"><h3 style=\"font-size: 35px;color: #ffffff;line-height: 50px;text-align: left\" class=\"vc_custom_heading font-weight-light vc_custom_1714601342006\" >Konut montaj\u0131 e\u011fitimi<\/h3>\n\t<div class=\"wpb_text_column wpb_content_element  vc_custom_1714601558758\" >\n\t\t<div class=\"wpb_wrapper\">\n\t\t\t<p><span style=\"color: #cfd1d3;\">Gorsko, dan\u0131\u015fmanl\u0131k ve e\u011fitim hizmetlerimizin yan\u0131 s\u0131ra \u00e7e\u015fitli end\u00fcstrilerdeki i\u015f\u00e7iler i\u00e7in \u00f6zel e\u011fitim programlar\u0131 da sunuyor.<\/span><\/p>\n<p>&nbsp;<\/p>\n<p><span style=\"color: #cfd1d3;\">Bu programlar, i\u015f\u00e7ilere, Gorsko taraf\u0131ndan haz\u0131rlanan yap\u0131lar\u0131 kullanarak evleri kendi ba\u015flar\u0131na monte etmeleri i\u00e7in gereken becerileri ve bilgi birikimini sa\u011fl\u0131yor.<\/span><\/p>\n<p>&nbsp;<\/p>\n<p><span style=\"color: #cfd1d3;\">Uygulamal\u0131 ve kapsaml\u0131 e\u011fitimle i\u015f\u00e7ilerin, projelerini verimli ve etkin bir \u015fekilde tamamlamalar\u0131 i\u00e7in ihtiya\u00e7 duyacaklar\u0131 uzmanl\u0131\u011f\u0131 kazanmalar\u0131n\u0131 sa\u011fl\u0131yoruz.<\/span><\/p>\n\n\t\t<\/div>\n\t<\/div>\n<\/div><\/div><\/div><\/div><div class=\"vc_row-full-width vc_clearfix\"><\/div><div class=\"vc_row wpb_row vc_row-fluid\"><div class=\"wpb_column vc_column_container vc_col-sm-12\"><div class=\"vc_column-inner\"><div class=\"wpb_wrapper\">\n<div class=\"vc-zigzag-wrapper vc-zigzag-align-center\"><div class=\"vc-zigzag-inner\" style=\"width: 100%;min-height: 14px;background: 0 repeat-x url(&#039;data:image\/svg+xml;utf-8,%3C%3Fxml%20version%3D%221.0%22%20encoding%3D%22utf-8%22%3F%3E%3C%21DOCTYPE%20svg%20PUBLIC%20%22-%2F%2FW3C%2F%2FDTD%20SVG%201.1%2F%2FEN%22%20%22http%3A%2F%2Fwww.w3.org%2FGraphics%2FSVG%2F1.1%2FDTD%2Fsvg11.dtd%22%3E%3Csvg%20width%3D%2214px%22%20height%3D%2212px%22%20viewBox%3D%220%200%2018%2015%22%20version%3D%221.1%22%20xmlns%3D%22http%3A%2F%2Fwww.w3.org%2F2000%2Fsvg%22%20xmlns%3Axlink%3D%22http%3A%2F%2Fwww.w3.org%2F1999%2Fxlink%22%3E%3Cpolygon%20id%3D%22Combined-Shape%22%20fill%3D%22%23ffffff%22%20points%3D%228.98762301%200%200%209.12771969%200%2014.519983%209%205.40479869%2018%2014.519983%2018%209.12771969%22%3E%3C%2Fpolygon%3E%3C%2Fsvg%3E&#039;);\"><\/div><\/div><\/div><\/div><\/div><\/div>\n<\/div>","protected":false},"excerpt":{"rendered":"Delivery Wooden Structures with Assembly Services include the assembly of wooden house structures up to the desired phase. Fabrication Fabrication of walls, ceilings, and roof components within our workshop using single panels, such as 15mm OSB panels for wall elements and 22mm OSB panels for ceiling elements. Transportation Transportation of wall and other structural components [...]","protected":false},"author":1,"featured_media":0,"parent":0,"menu_order":0,"comment_status":"closed","ping_status":"closed","template":"","meta":{"footnotes":""},"_links":{"self":[{"href":"https:\/\/gorsko-constructions.com\/tr\/wp-json\/wp\/v2\/pages\/419"}],"collection":[{"href":"https:\/\/gorsko-constructions.com\/tr\/wp-json\/wp\/v2\/pages"}],"about":[{"href":"https:\/\/gorsko-constructions.com\/tr\/wp-json\/wp\/v2\/types\/page"}],"author":[{"embeddable":true,"href":"https:\/\/gorsko-constructions.com\/tr\/wp-json\/wp\/v2\/users\/1"}],"replies":[{"embeddable":true,"href":"https:\/\/gorsko-constructions.com\/tr\/wp-json\/wp\/v2\/comments?post=419"}],"version-history":[{"count":33,"href":"https:\/\/gorsko-constructions.com\/tr\/wp-json\/wp\/v2\/pages\/419\/revisions"}],"predecessor-version":[{"id":3516,"href":"https:\/\/gorsko-constructions.com\/tr\/wp-json\/wp\/v2\/pages\/419\/revisions\/3516"}],"wp:attachment":[{"href":"https:\/\/gorsko-constructions.com\/tr\/wp-json\/wp\/v2\/media?parent=419"}],"curies":[{"name":"wp","href":"https:\/\/api.w.org\/{rel}","templated":true}]}}