{"id":2379,"date":"2018-03-31T08:31:57","date_gmt":"2018-03-31T08:31:57","guid":{"rendered":"https:\/\/gorsko-constructions.com\/?page_id=2379"},"modified":"2024-05-26T13:21:44","modified_gmt":"2024-05-26T13:21:44","slug":"featured-projects","status":"publish","type":"page","link":"https:\/\/gorsko-constructions.com\/tr\/featured-projects\/","title":{"rendered":"\u00d6ne \u00c7ikan Projeler"},"content":{"rendered":"<div class=\"wpb-content-wrapper\"><section data-vc-full-width=\"true\" data-vc-full-width-init=\"false\" class=\"vc_section vc_custom_1521461302789 vc_section-has-fill\"><div data-vc-full-width=\"true\" data-vc-full-width-init=\"false\" class=\"vc_row wpb_row vc_row-fluid vc_custom_1521535279484\"><div class=\"wpb_column vc_column_container vc_col-sm-12\"><div class=\"vc_column-inner vc_custom_1521461320441\"><div class=\"wpb_wrapper\"><h1 style=\"font-size: 35px;line-height: 45px;text-align: center\" class=\"vc_custom_heading font-weight-extrabold vc_custom_1715206407731\" >\u00d6ne \u00c7\u0131kan Projeler ve Referanslar<\/h1><\/div><\/div><\/div><\/div><div class=\"vc_row-full-width vc_clearfix\"><\/div><\/section><div class=\"vc_row-full-width vc_clearfix\"><\/div><div data-vc-full-width=\"true\" data-vc-full-width-init=\"false\" class=\"vc_row wpb_row vc_row-fluid vc_custom_1715206490402 vc_row-has-fill\"><div class=\"wpb_column vc_column_container vc_col-sm-6\"><div class=\"vc_column-inner vc_custom_1521538945666\"><div class=\"wpb_wrapper\"><h3 style=\"font-size: 28px;line-height: 45px;text-align: left\" class=\"vc_custom_heading font-weight-extrabold vc_custom_1715206710898\" >Ticari Bina (440 metrekare)<\/h3>\n\t<div class=\"wpb_text_column wpb_content_element  vc_custom_1715206363189\" >\n\t\t<div class=\"wpb_wrapper\">\n\t\t\t<p><span style=\"font-weight: 400;\">2018 y\u0131l\u0131nda, Slovenya'da, her kat\u0131 yakla\u015f\u0131k 220 metrekare alandan olu\u015fan ve iki katta toplam alan\u0131 440 metrekareyi bulan ticari bir ofis binas\u0131 in\u015fa ettik. Projede statik hesaplamalar ve at\u00f6lye planlar\u0131 kullan\u0131ld\u0131.<\/span><\/p>\n<p><span style=\"font-weight: 400;\">Binan\u0131n yap\u0131s\u0131nda tutkal\u0131 ah\u015fap kullan\u0131ld\u0131 ve ta\u015f y\u00fcn\u00fc ile yal\u0131t\u0131ld\u0131. Cephede bir temas y\u00fczeyi kullan\u0131ld\u0131 ve \u00fcst kata, estetik ve i\u015flevsel faydalar g\u00f6zetilerek dikey kara\u00e7am \u00e7\u0131talar yerle\u015ftirildi.<\/span><\/p>\n\n\t\t<\/div>\n\t<\/div>\n<\/div><\/div><\/div><div class=\"wpb_column vc_column_container vc_col-sm-6\"><div class=\"vc_column-inner vc_custom_1521538959754\"><div class=\"wpb_wrapper\">\n\t<div  class=\"wpb_single_image wpb_content_element vc_align_center  vc_custom_1715206336787\">\n\t\t\n\t\t<figure class=\"wpb_wrapper vc_figure\">\n\t\t\t<div class=\"vc_single_image-wrapper   vc_box_border_grey\"><img loading=\"lazy\" decoding=\"async\" width=\"1200\" height=\"617\" src=\"https:\/\/gorsko-constructions.com\/wp-content\/uploads\/2024\/05\/1710877087676.jpeg\" class=\"vc_single_image-img attachment-full\" alt=\"\" title=\"1710877087676\" srcset=\"https:\/\/gorsko-constructions.com\/wp-content\/uploads\/2024\/05\/1710877087676.jpeg 1200w, https:\/\/gorsko-constructions.com\/wp-content\/uploads\/2024\/05\/1710877087676-300x154.jpeg 300w, https:\/\/gorsko-constructions.com\/wp-content\/uploads\/2024\/05\/1710877087676-1024x527.jpeg 1024w, https:\/\/gorsko-constructions.com\/wp-content\/uploads\/2024\/05\/1710877087676-768x395.jpeg 768w, https:\/\/gorsko-constructions.com\/wp-content\/uploads\/2024\/05\/1710877087676-18x9.jpeg 18w\" sizes=\"(max-width: 1200px) 100vw, 1200px\" \/><\/div>\n\t\t<\/figure>\n\t<\/div>\n<\/div><\/div><\/div><\/div><div class=\"vc_row-full-width vc_clearfix\"><\/div><div data-vc-full-width=\"true\" data-vc-full-width-init=\"false\" class=\"vc_row wpb_row vc_row-fluid vc_custom_1715206490402 vc_row-has-fill\"><div class=\"wpb_column vc_column_container vc_col-sm-6\"><div class=\"vc_column-inner vc_custom_1521538945666\"><div class=\"wpb_wrapper\"><h3 style=\"font-size: 28px;line-height: 45px;text-align: left\" class=\"vc_custom_heading font-weight-extrabold vc_custom_1715206716580\" >Ah\u015fap Depolama Tesisi (1814 metrekare)<\/h3>\n\t<div class=\"wpb_text_column wpb_content_element  vc_custom_1715206563623\" >\n\t\t<div class=\"wpb_wrapper\">\n\t\t\t<p><b>I<\/b><span style=\"font-weight: 400;\">2021 y\u0131l\u0131nda, Slovenya'da, planlama ve statik hesaplamas\u0131ndan \u00fcretim ve montaj\u0131na kadar t\u00fcm a\u015famalar\u0131n\u0131 \u00fcstlendi\u011fimiz bir tesis tamamlad\u0131k. Bina, 16,8 x 54 metre iz d\u00fc\u015f\u00fcm\u00fcne sahip ve bu da kat ba\u015f\u0131na yakla\u015f\u0131k 907 metrekareden iki katta toplam 1814 metrekare ediyor. Bu tasar\u0131m, \u00e7e\u015fitli kullan\u0131mlar\u0131 destekliyor ve operasyon ve ofis alan\u0131 olarak kullan\u0131lmak \u00fczere bol miktarda alan sunuyor.<\/span><\/p>\n\n\t\t<\/div>\n\t<\/div>\n<\/div><\/div><\/div><div class=\"wpb_column vc_column_container vc_col-sm-6\"><div class=\"vc_column-inner vc_custom_1521538959754\"><div class=\"wpb_wrapper\">\n\t<div  class=\"wpb_single_image wpb_content_element vc_align_center  vc_custom_1715206669604\">\n\t\t\n\t\t<figure class=\"wpb_wrapper vc_figure\">\n\t\t\t<div class=\"vc_single_image-wrapper   vc_box_border_grey\"><img loading=\"lazy\" decoding=\"async\" width=\"1200\" height=\"799\" src=\"https:\/\/gorsko-constructions.com\/wp-content\/uploads\/2024\/05\/3BRICKS_2021_2-2.jpg\" class=\"vc_single_image-img attachment-full\" alt=\"\" title=\"3BRICKS_2021_2 (2)\" srcset=\"https:\/\/gorsko-constructions.com\/wp-content\/uploads\/2024\/05\/3BRICKS_2021_2-2.jpg 1200w, https:\/\/gorsko-constructions.com\/wp-content\/uploads\/2024\/05\/3BRICKS_2021_2-2-300x200.jpg 300w, https:\/\/gorsko-constructions.com\/wp-content\/uploads\/2024\/05\/3BRICKS_2021_2-2-1024x682.jpg 1024w, https:\/\/gorsko-constructions.com\/wp-content\/uploads\/2024\/05\/3BRICKS_2021_2-2-768x511.jpg 768w, https:\/\/gorsko-constructions.com\/wp-content\/uploads\/2024\/05\/3BRICKS_2021_2-2-18x12.jpg 18w\" sizes=\"(max-width: 1200px) 100vw, 1200px\" \/><\/div>\n\t\t<\/figure>\n\t<\/div>\n<\/div><\/div><\/div><\/div><div class=\"vc_row-full-width vc_clearfix\"><\/div><div data-vc-full-width=\"true\" data-vc-full-width-init=\"false\" class=\"vc_row wpb_row vc_row-fluid vc_custom_1715206490402 vc_row-has-fill\"><div class=\"wpb_column vc_column_container vc_col-sm-6\"><div class=\"vc_column-inner vc_custom_1521538945666\"><div class=\"wpb_wrapper\"><h3 style=\"font-size: 28px;line-height: 45px;text-align: left\" class=\"vc_custom_heading font-weight-extrabold vc_custom_1716729701152\" >Meskun konut (150 metrekare)<\/h3>\n\t<div class=\"wpb_text_column wpb_content_element  vc_custom_1715206782353\" >\n\t\t<div class=\"wpb_wrapper\">\n\t\t\t<p><span style=\"font-weight: 400;\">2021 y\u0131l\u0131nda in\u015fa edilen bu konut, yakla\u015f\u0131k 150 metrekarelik kullan\u0131labilir bir ya\u015fam alan\u0131na yay\u0131l\u0131yor. Mimari tasar\u0131m\u0131nda g\u00fc\u00e7l\u00fc bir ah\u015fap iskelet yap\u0131 kullan\u0131larak do\u011fal ve g\u00fc\u00e7l\u00fc bir temel sa\u011fland\u0131. D\u0131\u015f k\u0131s\u0131mda, \u00e7imento fiber levhalarla kaplanarak ah\u015fap yap\u0131y\u0131 tamamlayan modern ve dayan\u0131kl\u0131 bir cephe sa\u011fland\u0131.<\/span><\/p>\n\n\t\t<\/div>\n\t<\/div>\n<\/div><\/div><\/div><div class=\"wpb_column vc_column_container vc_col-sm-6\"><div class=\"vc_column-inner vc_custom_1521538959754\"><div class=\"wpb_wrapper\">\n\t<div  class=\"wpb_single_image wpb_content_element vc_align_center  vc_custom_1715206865005\">\n\t\t\n\t\t<figure class=\"wpb_wrapper vc_figure\">\n\t\t\t<div class=\"vc_single_image-wrapper   vc_box_border_grey\"><img loading=\"lazy\" decoding=\"async\" width=\"1200\" height=\"654\" src=\"https:\/\/gorsko-constructions.com\/wp-content\/uploads\/2024\/05\/1710877974105549.jpeg.png\" class=\"vc_single_image-img attachment-full\" alt=\"\" title=\"1710877974105549.jpeg\" srcset=\"https:\/\/gorsko-constructions.com\/wp-content\/uploads\/2024\/05\/1710877974105549.jpeg.png 1200w, https:\/\/gorsko-constructions.com\/wp-content\/uploads\/2024\/05\/1710877974105549.jpeg-300x164.png 300w, https:\/\/gorsko-constructions.com\/wp-content\/uploads\/2024\/05\/1710877974105549.jpeg-1024x558.png 1024w, https:\/\/gorsko-constructions.com\/wp-content\/uploads\/2024\/05\/1710877974105549.jpeg-768x419.png 768w, https:\/\/gorsko-constructions.com\/wp-content\/uploads\/2024\/05\/1710877974105549.jpeg-18x10.png 18w\" sizes=\"(max-width: 1200px) 100vw, 1200px\" \/><\/div>\n\t\t<\/figure>\n\t<\/div>\n<\/div><\/div><\/div><\/div><div class=\"vc_row-full-width vc_clearfix\"><\/div><div data-vc-full-width=\"true\" data-vc-full-width-init=\"false\" class=\"vc_row wpb_row vc_row-fluid vc_custom_1715206490402 vc_row-has-fill\"><div class=\"wpb_column vc_column_container vc_col-sm-6\"><div class=\"vc_column-inner vc_custom_1521538945666\"><div class=\"wpb_wrapper\"><h3 style=\"font-size: 28px;line-height: 45px;text-align: left\" class=\"vc_custom_heading font-weight-extrabold vc_custom_1715206878255\" >Modern Konut (250 metrekare)<\/h3>\n\t<div class=\"wpb_text_column wpb_content_element  vc_custom_1715206890626\" >\n\t\t<div class=\"wpb_wrapper\">\n\t\t\t<p><span style=\"font-weight: 400;\">2023 y\u0131l\u0131nda in\u015fa edilen bu konut iki katta toplam 250 metrekare kullan\u0131labilir alan sunuyor. Yap\u0131s\u0131nda genel olarak ah\u015fap iskelet kullan\u0131ld\u0131 ve ekstra destek i\u00e7in kilit noktalar dev kiri\u015flerle takviye edildi. Evin enerji verimlili\u011fini art\u0131rmak i\u00e7in yal\u0131t\u0131mda do\u011fal malzemeleri tercih ettik. Baz\u0131 alanlarda 6 metreye varan y\u00fcksek tavana ve geni\u015f camlara sahip konut, bol miktarda do\u011fal \u0131\u015f\u0131k al\u0131yor ve daha geni\u015f ve ferah hissettiriyor.<\/span><\/p>\n\n\t\t<\/div>\n\t<\/div>\n<\/div><\/div><\/div><div class=\"wpb_column vc_column_container vc_col-sm-6\"><div class=\"vc_column-inner vc_custom_1521538959754\"><div class=\"wpb_wrapper\">\n\t<div  class=\"wpb_single_image wpb_content_element vc_align_center  vc_custom_1715206937318\">\n\t\t\n\t\t<figure class=\"wpb_wrapper vc_figure\">\n\t\t\t<div class=\"vc_single_image-wrapper   vc_box_border_grey\"><img loading=\"lazy\" decoding=\"async\" width=\"2560\" height=\"1920\" src=\"https:\/\/gorsko-constructions.com\/wp-content\/uploads\/2024\/05\/1710878344981-scaled.jpeg\" class=\"vc_single_image-img attachment-full\" alt=\"\" title=\"1710878344981\" srcset=\"https:\/\/gorsko-constructions.com\/wp-content\/uploads\/2024\/05\/1710878344981-scaled.jpeg 2560w, https:\/\/gorsko-constructions.com\/wp-content\/uploads\/2024\/05\/1710878344981-300x225.jpeg 300w, https:\/\/gorsko-constructions.com\/wp-content\/uploads\/2024\/05\/1710878344981-1024x768.jpeg 1024w, https:\/\/gorsko-constructions.com\/wp-content\/uploads\/2024\/05\/1710878344981-768x576.jpeg 768w, https:\/\/gorsko-constructions.com\/wp-content\/uploads\/2024\/05\/1710878344981-1536x1152.jpeg 1536w, https:\/\/gorsko-constructions.com\/wp-content\/uploads\/2024\/05\/1710878344981-2048x1536.jpeg 2048w, https:\/\/gorsko-constructions.com\/wp-content\/uploads\/2024\/05\/1710878344981-16x12.jpeg 16w\" sizes=\"(max-width: 2560px) 100vw, 2560px\" \/><\/div>\n\t\t<\/figure>\n\t<\/div>\n<\/div><\/div><\/div><\/div><div class=\"vc_row-full-width vc_clearfix\"><\/div><div data-vc-full-width=\"true\" data-vc-full-width-init=\"false\" class=\"vc_row wpb_row vc_row-fluid vc_custom_1715206490402 vc_row-has-fill\"><div class=\"wpb_column vc_column_container vc_col-sm-6\"><div class=\"vc_column-inner vc_custom_1521538945666\"><div class=\"wpb_wrapper\"><h3 style=\"font-size: 28px;line-height: 45px;text-align: left\" class=\"vc_custom_heading font-weight-extrabold vc_custom_1715206957249\" >Kamu Binas\u0131 (430 metrekare)<\/h3>\n\t<div class=\"wpb_text_column wpb_content_element  vc_custom_1715206969542\" >\n\t\t<div class=\"wpb_wrapper\">\n\t\t\t<p><span style=\"font-weight: 400;\">2019 y\u0131l\u0131nda, iki katta toplam 430 metrekareden olu\u015fan bir kamu tesisi tamamlad\u0131k. Binan\u0131n yap\u0131s\u0131nda yekpare ah\u015fap iskelet kullan\u0131l\u0131rken tavanlarda ve \u00e7at\u0131da \u00e7apraz tutkall\u0131 CLT (\u00c7apraz Lamine Kalas) paneller kullan\u0131larak dayan\u0131kl\u0131l\u0131k ile estetik bir araya getirildi. Yal\u0131t\u0131m i\u00e7in s\u00fcrd\u00fcr\u00fclebilirlik ve \u00e7evreye kar\u015f\u0131 sorumluluk taahh\u00fcd\u00fcm\u00fcz\u00fc yans\u0131tan do\u011fal ah\u015fap fiber kullan\u0131ld\u0131. \u015e\u0131k bir g\u00f6r\u00fcn\u00fc\u015f i\u00e7in cephe, kara\u00e7am ile kapland\u0131.<\/span><\/p>\n\n\t\t<\/div>\n\t<\/div>\n<\/div><\/div><\/div><div class=\"wpb_column vc_column_container vc_col-sm-6\"><div class=\"vc_column-inner vc_custom_1521538959754\"><div class=\"wpb_wrapper\">\n\t<div  class=\"wpb_single_image wpb_content_element vc_align_center  vc_custom_1715206997706\">\n\t\t\n\t\t<figure class=\"wpb_wrapper vc_figure\">\n\t\t\t<div class=\"vc_single_image-wrapper   vc_box_border_grey\"><img loading=\"lazy\" decoding=\"async\" width=\"1500\" height=\"1000\" src=\"https:\/\/gorsko-constructions.com\/wp-content\/uploads\/2024\/05\/1710879002565.jpeg\" class=\"vc_single_image-img attachment-full\" alt=\"\" title=\"1710879002565\" srcset=\"https:\/\/gorsko-constructions.com\/wp-content\/uploads\/2024\/05\/1710879002565.jpeg 1500w, https:\/\/gorsko-constructions.com\/wp-content\/uploads\/2024\/05\/1710879002565-300x200.jpeg 300w, https:\/\/gorsko-constructions.com\/wp-content\/uploads\/2024\/05\/1710879002565-1024x683.jpeg 1024w, https:\/\/gorsko-constructions.com\/wp-content\/uploads\/2024\/05\/1710879002565-768x512.jpeg 768w, https:\/\/gorsko-constructions.com\/wp-content\/uploads\/2024\/05\/1710879002565-18x12.jpeg 18w\" sizes=\"(max-width: 1500px) 100vw, 1500px\" \/><\/div>\n\t\t<\/figure>\n\t<\/div>\n<\/div><\/div><\/div><\/div><div class=\"vc_row-full-width vc_clearfix\"><\/div><div data-vc-full-width=\"true\" data-vc-full-width-init=\"false\" class=\"vc_row wpb_row vc_row-fluid vc_custom_1715206490402 vc_row-has-fill\"><div class=\"wpb_column vc_column_container vc_col-sm-6\"><div class=\"vc_column-inner vc_custom_1521538945666\"><div class=\"wpb_wrapper\"><h3 style=\"font-size: 28px;line-height: 45px;text-align: left\" class=\"vc_custom_heading font-weight-extrabold vc_custom_1715207133599\" >Mod\u00fcler \u00dcniteler (aile evleri veya \u00e7ok daireli yap\u0131lar)<\/h3>\n\t<div class=\"wpb_text_column wpb_content_element  vc_custom_1715207149018\" >\n\t\t<div class=\"wpb_wrapper\">\n\t\t\t<p><span style=\"font-weight: 400;\">\u015eirketimiz, m\u00fcstakil evlere ve \u00e7ok daireli apartmanlara y\u00f6nelik mod\u00fcler \u00fcniteler tasarlamak ve \u00fcretmek konusunda uzmanla\u015fm\u0131\u015ft\u0131r. \u00dcr\u00fcnlerimiz; aileler, i\u015f\u00e7iler, \u00f6\u011frenciler, emekliler taraf\u0131ndan oldu\u011fu gibi ofis ve ma\u011faza olarak da kullan\u0131ma uygundur. Binalar\u0131m\u0131z, tek katl\u0131 binalardan \u00e7ok katl\u0131 yap\u0131lara kadar \u00e7e\u015fitlilik g\u00f6sterir ve d\u00f6rt kat ve \u00fczerine \u00e7\u0131k\u0131labilir. S\u00fcrd\u00fcr\u00fclebilirlik ve ye\u015fil yap\u0131 standartlar\u0131na uygunluk taahh\u00fcd\u00fcm\u00fcz do\u011frultusunda y\u00fcksek kaliteli ah\u015fap yap\u0131lar ve do\u011fal ah\u015fap fiber yal\u0131t\u0131m kullan\u0131r\u0131z.<\/span><\/p>\n\n\t\t<\/div>\n\t<\/div>\n<\/div><\/div><\/div><div class=\"wpb_column vc_column_container vc_col-sm-6\"><div class=\"vc_column-inner vc_custom_1521538959754\"><div class=\"wpb_wrapper\">\n\t<div  class=\"wpb_single_image wpb_content_element vc_align_center  vc_custom_1715207314835\">\n\t\t\n\t\t<figure class=\"wpb_wrapper vc_figure\">\n\t\t\t<div class=\"vc_single_image-wrapper   vc_box_border_grey\"><img loading=\"lazy\" decoding=\"async\" width=\"2560\" height=\"1920\" src=\"https:\/\/gorsko-constructions.com\/wp-content\/uploads\/2024\/05\/1710879884381-scaled.jpeg\" class=\"vc_single_image-img attachment-full\" alt=\"\" title=\"1710879884381\" srcset=\"https:\/\/gorsko-constructions.com\/wp-content\/uploads\/2024\/05\/1710879884381-scaled.jpeg 2560w, https:\/\/gorsko-constructions.com\/wp-content\/uploads\/2024\/05\/1710879884381-300x225.jpeg 300w, https:\/\/gorsko-constructions.com\/wp-content\/uploads\/2024\/05\/1710879884381-1024x768.jpeg 1024w, https:\/\/gorsko-constructions.com\/wp-content\/uploads\/2024\/05\/1710879884381-768x576.jpeg 768w, https:\/\/gorsko-constructions.com\/wp-content\/uploads\/2024\/05\/1710879884381-1536x1152.jpeg 1536w, https:\/\/gorsko-constructions.com\/wp-content\/uploads\/2024\/05\/1710879884381-2048x1536.jpeg 2048w, https:\/\/gorsko-constructions.com\/wp-content\/uploads\/2024\/05\/1710879884381-16x12.jpeg 16w\" sizes=\"(max-width: 2560px) 100vw, 2560px\" \/><\/div>\n\t\t<\/figure>\n\t<\/div>\n<\/div><\/div><\/div><\/div><div class=\"vc_row-full-width vc_clearfix\"><\/div><div data-vc-full-width=\"true\" data-vc-full-width-init=\"false\" class=\"vc_row wpb_row vc_row-fluid vc_custom_1715206490402 vc_row-has-fill\"><div class=\"wpb_column vc_column_container vc_col-sm-6\"><div class=\"vc_column-inner vc_custom_1521538945666\"><div class=\"wpb_wrapper\"><h3 style=\"font-size: 28px;line-height: 45px;text-align: left\" class=\"vc_custom_heading font-weight-extrabold vc_custom_1715207043691\" >Kamu tesisi - Anaokulu (2248 metrekare)<\/h3>\n\t<div class=\"wpb_text_column wpb_content_element  vc_custom_1715207058805\" >\n\t\t<div class=\"wpb_wrapper\">\n\t\t\t<p><span style=\"font-weight: 400;\">2019 y\u0131l\u0131nda, toplam 2248 metrekare alan sunan iki katl\u0131 bir kamu tesisi tamamlad\u0131k. Mimari yap\u0131n\u0131n omurgas\u0131n\u0131, sa\u011flam ve \u00e7evre dostu olmas\u0131 nedeniyle ah\u015fap yap\u0131l\u0131 bir iskelet olu\u015fturdu. Enerji verimlili\u011fini ve konforu art\u0131rmak i\u00e7in yal\u0131t\u0131mda do\u011fal ah\u015fap fiber kullanarak s\u00fcrd\u00fcr\u00fclebilir ve rahat bir ortam sa\u011flad\u0131k. Bu tasar\u0131m, pratik ve \u015f\u0131k bir alan olu\u015ftururken ayn\u0131 zamanda \u00e7evreye kar\u015f\u0131 sorumlu davrand\u0131\u011f\u0131m\u0131z\u0131 da \u00f6n plana \u00e7\u0131karmaktad\u0131r.<\/span><\/p>\n\n\t\t<\/div>\n\t<\/div>\n<\/div><\/div><\/div><div class=\"wpb_column vc_column_container vc_col-sm-6\"><div class=\"vc_column-inner vc_custom_1521538959754\"><div class=\"wpb_wrapper\">\n\t<div  class=\"wpb_single_image wpb_content_element vc_align_center  vc_custom_1715207120722\">\n\t\t\n\t\t<figure class=\"wpb_wrapper vc_figure\">\n\t\t\t<div class=\"vc_single_image-wrapper   vc_box_border_grey\"><img loading=\"lazy\" decoding=\"async\" width=\"719\" height=\"507\" src=\"https:\/\/gorsko-constructions.com\/wp-content\/uploads\/2024\/05\/pb.png\" class=\"vc_single_image-img attachment-full\" alt=\"\" title=\"pb\" srcset=\"https:\/\/gorsko-constructions.com\/wp-content\/uploads\/2024\/05\/pb.png 719w, https:\/\/gorsko-constructions.com\/wp-content\/uploads\/2024\/05\/pb-300x212.png 300w, https:\/\/gorsko-constructions.com\/wp-content\/uploads\/2024\/05\/pb-18x12.png 18w\" sizes=\"(max-width: 719px) 100vw, 719px\" \/><\/div>\n\t\t<\/figure>\n\t<\/div>\n<\/div><\/div><\/div><\/div><div class=\"vc_row-full-width vc_clearfix\"><\/div>\n<\/div>","protected":false},"excerpt":{"rendered":"Featured Project and ReferencesCommercial Building (440sqm) In 2018, we constructed a commercial office building (Slovenia), with a total area of 440 square meters, distributed over two floors of approximately 220 square meters each. The project included static calculations and workshop plans. The building's structure is made of glued wood, and insulated with stone wool. The [...]","protected":false},"author":1,"featured_media":0,"parent":0,"menu_order":0,"comment_status":"closed","ping_status":"closed","template":"","meta":{"footnotes":""},"_links":{"self":[{"href":"https:\/\/gorsko-constructions.com\/tr\/wp-json\/wp\/v2\/pages\/2379"}],"collection":[{"href":"https:\/\/gorsko-constructions.com\/tr\/wp-json\/wp\/v2\/pages"}],"about":[{"href":"https:\/\/gorsko-constructions.com\/tr\/wp-json\/wp\/v2\/types\/page"}],"author":[{"embeddable":true,"href":"https:\/\/gorsko-constructions.com\/tr\/wp-json\/wp\/v2\/users\/1"}],"replies":[{"embeddable":true,"href":"https:\/\/gorsko-constructions.com\/tr\/wp-json\/wp\/v2\/comments?post=2379"}],"version-history":[{"count":12,"href":"https:\/\/gorsko-constructions.com\/tr\/wp-json\/wp\/v2\/pages\/2379\/revisions"}],"predecessor-version":[{"id":3507,"href":"https:\/\/gorsko-constructions.com\/tr\/wp-json\/wp\/v2\/pages\/2379\/revisions\/3507"}],"wp:attachment":[{"href":"https:\/\/gorsko-constructions.com\/tr\/wp-json\/wp\/v2\/media?parent=2379"}],"curies":[{"name":"wp","href":"https:\/\/api.w.org\/{rel}","templated":true}]}}