{"id":2379,"date":"2018-03-31T08:31:57","date_gmt":"2018-03-31T08:31:57","guid":{"rendered":"https:\/\/gorsko-constructions.com\/?page_id=2379"},"modified":"2024-05-26T13:21:44","modified_gmt":"2024-05-26T13:21:44","slug":"featured-projects","status":"publish","type":"page","link":"https:\/\/gorsko-constructions.com\/fr\/featured-projects\/","title":{"rendered":"Principaux Projets"},"content":{"rendered":"<div class=\"wpb-content-wrapper\"><section data-vc-full-width=\"true\" data-vc-full-width-init=\"false\" class=\"vc_section vc_custom_1521461302789 vc_section-has-fill\"><div data-vc-full-width=\"true\" data-vc-full-width-init=\"false\" class=\"vc_row wpb_row vc_row-fluid vc_custom_1521535279484\"><div class=\"wpb_column vc_column_container vc_col-sm-12\"><div class=\"vc_column-inner vc_custom_1521461320441\"><div class=\"wpb_wrapper\"><h1 style=\"font-size: 35px;line-height: 45px;text-align: center\" class=\"vc_custom_heading font-weight-extrabold vc_custom_1715206407731\" >Principaux projets et r\u00e9f\u00e9rences<\/h1><\/div><\/div><\/div><\/div><div class=\"vc_row-full-width vc_clearfix\"><\/div><\/section><div class=\"vc_row-full-width vc_clearfix\"><\/div><div data-vc-full-width=\"true\" data-vc-full-width-init=\"false\" class=\"vc_row wpb_row vc_row-fluid vc_custom_1715206490402 vc_row-has-fill\"><div class=\"wpb_column vc_column_container vc_col-sm-6\"><div class=\"vc_column-inner vc_custom_1521538945666\"><div class=\"wpb_wrapper\"><h3 style=\"font-size: 28px;line-height: 45px;text-align: left\" class=\"vc_custom_heading font-weight-extrabold vc_custom_1715206710898\" >B\u00e2timent commercial (440 m\u00b2)<\/h3>\n\t<div class=\"wpb_text_column wpb_content_element  vc_custom_1715206363189\" >\n\t\t<div class=\"wpb_wrapper\">\n\t\t\t<p><span style=\"font-weight: 400;\">En 2018, nous avons construit un immeuble de bureaux commerciaux (Slov\u00e9nie), d'une superficie totale de 440 m\u00e8tres carr\u00e9s, r\u00e9partis sur deux \u00e9tages d'environ 220 m\u00e8tres carr\u00e9s chacun. Le projet comprenait des calculs statiques et des plans d'atelier.<\/span><\/p>\n<p><span style=\"font-weight: 400;\">La structure du b\u00e2timent est en bois coll\u00e9 avec isolation en laine de roche. La fa\u00e7ade dispose d'une surface de contact, avec l'ajout de lattes verticales en bois de m\u00e9l\u00e8ze \u00e0 l'\u00e9tage sup\u00e9rieur pour des avantages esth\u00e9tiques et fonctionnels.<\/span><\/p>\n\n\t\t<\/div>\n\t<\/div>\n<\/div><\/div><\/div><div class=\"wpb_column vc_column_container vc_col-sm-6\"><div class=\"vc_column-inner vc_custom_1521538959754\"><div class=\"wpb_wrapper\">\n\t<div  class=\"wpb_single_image wpb_content_element vc_align_center  vc_custom_1715206336787\">\n\t\t\n\t\t<figure class=\"wpb_wrapper vc_figure\">\n\t\t\t<div class=\"vc_single_image-wrapper   vc_box_border_grey\"><img loading=\"lazy\" decoding=\"async\" width=\"1200\" height=\"617\" src=\"https:\/\/gorsko-constructions.com\/wp-content\/uploads\/2024\/05\/1710877087676.jpeg\" class=\"vc_single_image-img attachment-full\" alt=\"\" title=\"1710877087676\" srcset=\"https:\/\/gorsko-constructions.com\/wp-content\/uploads\/2024\/05\/1710877087676.jpeg 1200w, https:\/\/gorsko-constructions.com\/wp-content\/uploads\/2024\/05\/1710877087676-300x154.jpeg 300w, https:\/\/gorsko-constructions.com\/wp-content\/uploads\/2024\/05\/1710877087676-1024x527.jpeg 1024w, https:\/\/gorsko-constructions.com\/wp-content\/uploads\/2024\/05\/1710877087676-768x395.jpeg 768w, https:\/\/gorsko-constructions.com\/wp-content\/uploads\/2024\/05\/1710877087676-18x9.jpeg 18w\" sizes=\"(max-width: 1200px) 100vw, 1200px\" \/><\/div>\n\t\t<\/figure>\n\t<\/div>\n<\/div><\/div><\/div><\/div><div class=\"vc_row-full-width vc_clearfix\"><\/div><div data-vc-full-width=\"true\" data-vc-full-width-init=\"false\" class=\"vc_row wpb_row vc_row-fluid vc_custom_1715206490402 vc_row-has-fill\"><div class=\"wpb_column vc_column_container vc_col-sm-6\"><div class=\"vc_column-inner vc_custom_1521538945666\"><div class=\"wpb_wrapper\"><h3 style=\"font-size: 28px;line-height: 45px;text-align: left\" class=\"vc_custom_heading font-weight-extrabold vc_custom_1715206716580\" >Zone de stockage en bois (1814 m2)<\/h3>\n\t<div class=\"wpb_text_column wpb_content_element  vc_custom_1715206563623\" >\n\t\t<div class=\"wpb_wrapper\">\n\t\t\t<p><b>I<\/b><span style=\"font-weight: 400;\">En 2021, nous avons achev\u00e9 une construction (Slov\u00e9nie) couvrant toutes les \u00e9tapes de la planification et des calculs statiques jusqu\u2019\u00e0 la production et \u00e0 l'assemblage. Les dimensions du b\u00e2timent sont les suivantes : 16,8 x 54 m, avec environ 907 m\u00e8tres carr\u00e9s par \u00e9tage, pour un total de 1814 m\u00e8tres carr\u00e9s sur deux \u00e9tages. Cette cr\u00e9ation s\u2019adapte \u00e0 une grande vari\u00e9t\u00e9 d'utilisations, avec beaucoup d'espace pour les activit\u00e9s et les bureaux.<\/span><\/p>\n\n\t\t<\/div>\n\t<\/div>\n<\/div><\/div><\/div><div class=\"wpb_column vc_column_container vc_col-sm-6\"><div class=\"vc_column-inner vc_custom_1521538959754\"><div class=\"wpb_wrapper\">\n\t<div  class=\"wpb_single_image wpb_content_element vc_align_center  vc_custom_1715206669604\">\n\t\t\n\t\t<figure class=\"wpb_wrapper vc_figure\">\n\t\t\t<div class=\"vc_single_image-wrapper   vc_box_border_grey\"><img loading=\"lazy\" decoding=\"async\" width=\"1200\" height=\"799\" src=\"https:\/\/gorsko-constructions.com\/wp-content\/uploads\/2024\/05\/3BRICKS_2021_2-2.jpg\" class=\"vc_single_image-img attachment-full\" alt=\"\" title=\"3BRICKS_2021_2 (2)\" srcset=\"https:\/\/gorsko-constructions.com\/wp-content\/uploads\/2024\/05\/3BRICKS_2021_2-2.jpg 1200w, https:\/\/gorsko-constructions.com\/wp-content\/uploads\/2024\/05\/3BRICKS_2021_2-2-300x200.jpg 300w, https:\/\/gorsko-constructions.com\/wp-content\/uploads\/2024\/05\/3BRICKS_2021_2-2-1024x682.jpg 1024w, https:\/\/gorsko-constructions.com\/wp-content\/uploads\/2024\/05\/3BRICKS_2021_2-2-768x511.jpg 768w, https:\/\/gorsko-constructions.com\/wp-content\/uploads\/2024\/05\/3BRICKS_2021_2-2-18x12.jpg 18w\" sizes=\"(max-width: 1200px) 100vw, 1200px\" \/><\/div>\n\t\t<\/figure>\n\t<\/div>\n<\/div><\/div><\/div><\/div><div class=\"vc_row-full-width vc_clearfix\"><\/div><div data-vc-full-width=\"true\" data-vc-full-width-init=\"false\" class=\"vc_row wpb_row vc_row-fluid vc_custom_1715206490402 vc_row-has-fill\"><div class=\"wpb_column vc_column_container vc_col-sm-6\"><div class=\"vc_column-inner vc_custom_1521538945666\"><div class=\"wpb_wrapper\"><h3 style=\"font-size: 28px;line-height: 45px;text-align: left\" class=\"vc_custom_heading font-weight-extrabold vc_custom_1716729701152\" >Maison r\u00e9sidentielle (150 m2)<\/h3>\n\t<div class=\"wpb_text_column wpb_content_element  vc_custom_1715206782353\" >\n\t\t<div class=\"wpb_wrapper\">\n\t\t\t<p><span style=\"font-weight: 400;\">Construite en 2021, cette r\u00e9sidence offre environ 150 m\u00e8tres carr\u00e9s d'espace habitable utile. Sa conception architecturale comprend une structure de cadre en bois solide, fournissant une base naturelle et solide. L'ext\u00e9rieur est \u00e9l\u00e9gamment recouvert de panneaux de fibres de ciment, pour une fa\u00e7ade moderne et durable qui se marie parfaitement avec la construction en bois.<\/span><\/p>\n\n\t\t<\/div>\n\t<\/div>\n<\/div><\/div><\/div><div class=\"wpb_column vc_column_container vc_col-sm-6\"><div class=\"vc_column-inner vc_custom_1521538959754\"><div class=\"wpb_wrapper\">\n\t<div  class=\"wpb_single_image wpb_content_element vc_align_center  vc_custom_1715206865005\">\n\t\t\n\t\t<figure class=\"wpb_wrapper vc_figure\">\n\t\t\t<div class=\"vc_single_image-wrapper   vc_box_border_grey\"><img loading=\"lazy\" decoding=\"async\" width=\"1200\" height=\"654\" src=\"https:\/\/gorsko-constructions.com\/wp-content\/uploads\/2024\/05\/1710877974105549.jpeg.png\" class=\"vc_single_image-img attachment-full\" alt=\"\" title=\"1710877974105549.jpeg\" srcset=\"https:\/\/gorsko-constructions.com\/wp-content\/uploads\/2024\/05\/1710877974105549.jpeg.png 1200w, https:\/\/gorsko-constructions.com\/wp-content\/uploads\/2024\/05\/1710877974105549.jpeg-300x164.png 300w, https:\/\/gorsko-constructions.com\/wp-content\/uploads\/2024\/05\/1710877974105549.jpeg-1024x558.png 1024w, https:\/\/gorsko-constructions.com\/wp-content\/uploads\/2024\/05\/1710877974105549.jpeg-768x419.png 768w, https:\/\/gorsko-constructions.com\/wp-content\/uploads\/2024\/05\/1710877974105549.jpeg-18x10.png 18w\" sizes=\"(max-width: 1200px) 100vw, 1200px\" \/><\/div>\n\t\t<\/figure>\n\t<\/div>\n<\/div><\/div><\/div><\/div><div class=\"vc_row-full-width vc_clearfix\"><\/div><div data-vc-full-width=\"true\" data-vc-full-width-init=\"false\" class=\"vc_row wpb_row vc_row-fluid vc_custom_1715206490402 vc_row-has-fill\"><div class=\"wpb_column vc_column_container vc_col-sm-6\"><div class=\"vc_column-inner vc_custom_1521538945666\"><div class=\"wpb_wrapper\"><h3 style=\"font-size: 28px;line-height: 45px;text-align: left\" class=\"vc_custom_heading font-weight-extrabold vc_custom_1715206878255\" >Maison moderne (250 m\u00b2)<\/h3>\n\t<div class=\"wpb_text_column wpb_content_element  vc_custom_1715206890626\" >\n\t\t<div class=\"wpb_wrapper\">\n\t\t\t<p><span style=\"font-weight: 400;\">Construite en 2023, cette maison offre 250 m\u00e8tres carr\u00e9s de surface utile sur deux \u00e9tages. Sa structure repose principalement sur un cadre en bois, compl\u00e9t\u00e9 par des poutres massives dans les zones cl\u00e9s pour un soutien suppl\u00e9mentaire. Nous avons s\u00e9lectionn\u00e9 des mat\u00e9riaux naturels pour l\u2019isolation afin d\u2019am\u00e9liorer l\u2019efficacit\u00e9 \u00e9nerg\u00e9tique de la maison. La maison dispose de hauts plafonds, atteignant jusqu'\u00e0 6 m\u00e8tres dans certaines zones, et de grandes fen\u00eatres \u2013 une importante source de lumi\u00e8re naturelle pour une autre conception de l'espace.<\/span><\/p>\n\n\t\t<\/div>\n\t<\/div>\n<\/div><\/div><\/div><div class=\"wpb_column vc_column_container vc_col-sm-6\"><div class=\"vc_column-inner vc_custom_1521538959754\"><div class=\"wpb_wrapper\">\n\t<div  class=\"wpb_single_image wpb_content_element vc_align_center  vc_custom_1715206937318\">\n\t\t\n\t\t<figure class=\"wpb_wrapper vc_figure\">\n\t\t\t<div class=\"vc_single_image-wrapper   vc_box_border_grey\"><img loading=\"lazy\" decoding=\"async\" width=\"2560\" height=\"1920\" src=\"https:\/\/gorsko-constructions.com\/wp-content\/uploads\/2024\/05\/1710878344981-scaled.jpeg\" class=\"vc_single_image-img attachment-full\" alt=\"\" title=\"1710878344981\" srcset=\"https:\/\/gorsko-constructions.com\/wp-content\/uploads\/2024\/05\/1710878344981-scaled.jpeg 2560w, https:\/\/gorsko-constructions.com\/wp-content\/uploads\/2024\/05\/1710878344981-300x225.jpeg 300w, https:\/\/gorsko-constructions.com\/wp-content\/uploads\/2024\/05\/1710878344981-1024x768.jpeg 1024w, https:\/\/gorsko-constructions.com\/wp-content\/uploads\/2024\/05\/1710878344981-768x576.jpeg 768w, https:\/\/gorsko-constructions.com\/wp-content\/uploads\/2024\/05\/1710878344981-1536x1152.jpeg 1536w, https:\/\/gorsko-constructions.com\/wp-content\/uploads\/2024\/05\/1710878344981-2048x1536.jpeg 2048w, https:\/\/gorsko-constructions.com\/wp-content\/uploads\/2024\/05\/1710878344981-16x12.jpeg 16w\" sizes=\"(max-width: 2560px) 100vw, 2560px\" \/><\/div>\n\t\t<\/figure>\n\t<\/div>\n<\/div><\/div><\/div><\/div><div class=\"vc_row-full-width vc_clearfix\"><\/div><div data-vc-full-width=\"true\" data-vc-full-width-init=\"false\" class=\"vc_row wpb_row vc_row-fluid vc_custom_1715206490402 vc_row-has-fill\"><div class=\"wpb_column vc_column_container vc_col-sm-6\"><div class=\"vc_column-inner vc_custom_1521538945666\"><div class=\"wpb_wrapper\"><h3 style=\"font-size: 28px;line-height: 45px;text-align: left\" class=\"vc_custom_heading font-weight-extrabold vc_custom_1715206957249\" >B\u00e2timent public (430 m\u00b2)<\/h3>\n\t<div class=\"wpb_text_column wpb_content_element  vc_custom_1715206969542\" >\n\t\t<div class=\"wpb_wrapper\">\n\t\t\t<p><span style=\"font-weight: 400;\">En 2019, nous avons achev\u00e9 la construction d\u2019un \u00e9tablissement public d\u2019une surface de 430 m\u00e8tres carr\u00e9s r\u00e9partis sur deux \u00e9tages. La structure du b\u00e2timent est fabriqu\u00e9e \u00e0 partir d\u2019une ossature en bois massif, tandis que les plafonds et le toit sont compos\u00e9s de panneaux CLT (bois lamell\u00e9-crois\u00e9) coll\u00e9s de mani\u00e8re crois\u00e9e, pour davantage de solidit\u00e9 sans aucun compromis sur l\u2019aspect esth\u00e9tique. Pour l\u2019isolation, nous avons choisi des fibres de bois naturel, en accord avec notre engagement en faveur de la durabilit\u00e9 et de la responsabilit\u00e9 environnementale. La fa\u00e7ade est magnifiquement orn\u00e9e de bois de m\u00e9l\u00e8ze.<\/span><\/p>\n\n\t\t<\/div>\n\t<\/div>\n<\/div><\/div><\/div><div class=\"wpb_column vc_column_container vc_col-sm-6\"><div class=\"vc_column-inner vc_custom_1521538959754\"><div class=\"wpb_wrapper\">\n\t<div  class=\"wpb_single_image wpb_content_element vc_align_center  vc_custom_1715206997706\">\n\t\t\n\t\t<figure class=\"wpb_wrapper vc_figure\">\n\t\t\t<div class=\"vc_single_image-wrapper   vc_box_border_grey\"><img loading=\"lazy\" decoding=\"async\" width=\"1500\" height=\"1000\" src=\"https:\/\/gorsko-constructions.com\/wp-content\/uploads\/2024\/05\/1710879002565.jpeg\" class=\"vc_single_image-img attachment-full\" alt=\"\" title=\"1710879002565\" srcset=\"https:\/\/gorsko-constructions.com\/wp-content\/uploads\/2024\/05\/1710879002565.jpeg 1500w, https:\/\/gorsko-constructions.com\/wp-content\/uploads\/2024\/05\/1710879002565-300x200.jpeg 300w, https:\/\/gorsko-constructions.com\/wp-content\/uploads\/2024\/05\/1710879002565-1024x683.jpeg 1024w, https:\/\/gorsko-constructions.com\/wp-content\/uploads\/2024\/05\/1710879002565-768x512.jpeg 768w, https:\/\/gorsko-constructions.com\/wp-content\/uploads\/2024\/05\/1710879002565-18x12.jpeg 18w\" sizes=\"(max-width: 1500px) 100vw, 1500px\" \/><\/div>\n\t\t<\/figure>\n\t<\/div>\n<\/div><\/div><\/div><\/div><div class=\"vc_row-full-width vc_clearfix\"><\/div><div data-vc-full-width=\"true\" data-vc-full-width-init=\"false\" class=\"vc_row wpb_row vc_row-fluid vc_custom_1715206490402 vc_row-has-fill\"><div class=\"wpb_column vc_column_container vc_col-sm-6\"><div class=\"vc_column-inner vc_custom_1521538945666\"><div class=\"wpb_wrapper\"><h3 style=\"font-size: 28px;line-height: 45px;text-align: left\" class=\"vc_custom_heading font-weight-extrabold vc_custom_1715207133599\" >Unit\u00e9s modulaires (maisons familiales ou immeubles \u00e0 plusieurs appartements)<\/h3>\n\t<div class=\"wpb_text_column wpb_content_element  vc_custom_1715207149018\" >\n\t\t<div class=\"wpb_wrapper\">\n\t\t\t<p><span style=\"font-weight: 400;\">Notre soci\u00e9t\u00e9 est sp\u00e9cialis\u00e9e dans la conception et la production d'unit\u00e9s modulaires pour la construction de maisons familiales individuelles et de b\u00e2timents pour appartements, adapt\u00e9s \u00e0 un large \u00e9ventail d'utilisateurs, y compris les familles, les travailleurs, les bureaux, les magasins, les \u00e9tudiants, et les retrait\u00e9s. Notre offre de b\u00e2timents est vaste, allant des structures \u00e0 un \u00e9tage aux structures \u00e0 plusieurs \u00e9tages, pour atteindre jusqu'\u00e0 quatre \u00e9tages ou plus. Conform\u00e9ment \u00e0 notre engagement en faveur de la durabilit\u00e9 et des normes de construction \u00e9cologique, nous utilisons des structures en bois de haute qualit\u00e9 et une isolation en fibre de bois naturel.<\/span><\/p>\n\n\t\t<\/div>\n\t<\/div>\n<\/div><\/div><\/div><div class=\"wpb_column vc_column_container vc_col-sm-6\"><div class=\"vc_column-inner vc_custom_1521538959754\"><div class=\"wpb_wrapper\">\n\t<div  class=\"wpb_single_image wpb_content_element vc_align_center  vc_custom_1715207314835\">\n\t\t\n\t\t<figure class=\"wpb_wrapper vc_figure\">\n\t\t\t<div class=\"vc_single_image-wrapper   vc_box_border_grey\"><img loading=\"lazy\" decoding=\"async\" width=\"2560\" height=\"1920\" src=\"https:\/\/gorsko-constructions.com\/wp-content\/uploads\/2024\/05\/1710879884381-scaled.jpeg\" class=\"vc_single_image-img attachment-full\" alt=\"\" title=\"1710879884381\" srcset=\"https:\/\/gorsko-constructions.com\/wp-content\/uploads\/2024\/05\/1710879884381-scaled.jpeg 2560w, https:\/\/gorsko-constructions.com\/wp-content\/uploads\/2024\/05\/1710879884381-300x225.jpeg 300w, https:\/\/gorsko-constructions.com\/wp-content\/uploads\/2024\/05\/1710879884381-1024x768.jpeg 1024w, https:\/\/gorsko-constructions.com\/wp-content\/uploads\/2024\/05\/1710879884381-768x576.jpeg 768w, https:\/\/gorsko-constructions.com\/wp-content\/uploads\/2024\/05\/1710879884381-1536x1152.jpeg 1536w, https:\/\/gorsko-constructions.com\/wp-content\/uploads\/2024\/05\/1710879884381-2048x1536.jpeg 2048w, https:\/\/gorsko-constructions.com\/wp-content\/uploads\/2024\/05\/1710879884381-16x12.jpeg 16w\" sizes=\"(max-width: 2560px) 100vw, 2560px\" \/><\/div>\n\t\t<\/figure>\n\t<\/div>\n<\/div><\/div><\/div><\/div><div class=\"vc_row-full-width vc_clearfix\"><\/div><div data-vc-full-width=\"true\" data-vc-full-width-init=\"false\" class=\"vc_row wpb_row vc_row-fluid vc_custom_1715206490402 vc_row-has-fill\"><div class=\"wpb_column vc_column_container vc_col-sm-6\"><div class=\"vc_column-inner vc_custom_1521538945666\"><div class=\"wpb_wrapper\"><h3 style=\"font-size: 28px;line-height: 45px;text-align: left\" class=\"vc_custom_heading font-weight-extrabold vc_custom_1715207043691\" >\u00c9tablissement public \u2013 \u00c9cole maternelle (2248 m\u00b2)<\/h3>\n\t<div class=\"wpb_text_column wpb_content_element  vc_custom_1715207058805\" >\n\t\t<div class=\"wpb_wrapper\">\n\t\t\t<p><span style=\"font-weight: 400;\">En 2019, nous avons termin\u00e9 la construction d\u2019un b\u00e2timent public de deux \u00e9tages, pour une superficie totale de 2248 m\u00e8tres carr\u00e9s. L'ossature architecturale de ce b\u00e2timent est une structure-cadre en bois, choisie pour sa durabilit\u00e9 et ses qualit\u00e9s \u00e9cologiques. Pour am\u00e9liorer l\u2019efficacit\u00e9 \u00e9nerg\u00e9tique et le confort, nous avons utilis\u00e9 des fibres de bois naturel pour l'isolation, assurant un environnement durable et chaleureux. Cette conception met en valeur notre souci de l\u2019environnement tout en cr\u00e9ant un espace pratique et agr\u00e9able.<\/span><\/p>\n\n\t\t<\/div>\n\t<\/div>\n<\/div><\/div><\/div><div class=\"wpb_column vc_column_container vc_col-sm-6\"><div class=\"vc_column-inner vc_custom_1521538959754\"><div class=\"wpb_wrapper\">\n\t<div  class=\"wpb_single_image wpb_content_element vc_align_center  vc_custom_1715207120722\">\n\t\t\n\t\t<figure class=\"wpb_wrapper vc_figure\">\n\t\t\t<div class=\"vc_single_image-wrapper   vc_box_border_grey\"><img loading=\"lazy\" decoding=\"async\" width=\"719\" height=\"507\" src=\"https:\/\/gorsko-constructions.com\/wp-content\/uploads\/2024\/05\/pb.png\" class=\"vc_single_image-img attachment-full\" alt=\"\" title=\"pb\" srcset=\"https:\/\/gorsko-constructions.com\/wp-content\/uploads\/2024\/05\/pb.png 719w, https:\/\/gorsko-constructions.com\/wp-content\/uploads\/2024\/05\/pb-300x212.png 300w, https:\/\/gorsko-constructions.com\/wp-content\/uploads\/2024\/05\/pb-18x12.png 18w\" sizes=\"(max-width: 719px) 100vw, 719px\" \/><\/div>\n\t\t<\/figure>\n\t<\/div>\n<\/div><\/div><\/div><\/div><div class=\"vc_row-full-width vc_clearfix\"><\/div>\n<\/div>","protected":false},"excerpt":{"rendered":"Featured Project and ReferencesCommercial Building (440sqm) In 2018, we constructed a commercial office building (Slovenia), with a total area of 440 square meters, distributed over two floors of approximately 220 square meters each. The project included static calculations and workshop plans. The building's structure is made of glued wood, and insulated with stone wool. The [...]","protected":false},"author":1,"featured_media":0,"parent":0,"menu_order":0,"comment_status":"closed","ping_status":"closed","template":"","meta":{"footnotes":""},"_links":{"self":[{"href":"https:\/\/gorsko-constructions.com\/fr\/wp-json\/wp\/v2\/pages\/2379"}],"collection":[{"href":"https:\/\/gorsko-constructions.com\/fr\/wp-json\/wp\/v2\/pages"}],"about":[{"href":"https:\/\/gorsko-constructions.com\/fr\/wp-json\/wp\/v2\/types\/page"}],"author":[{"embeddable":true,"href":"https:\/\/gorsko-constructions.com\/fr\/wp-json\/wp\/v2\/users\/1"}],"replies":[{"embeddable":true,"href":"https:\/\/gorsko-constructions.com\/fr\/wp-json\/wp\/v2\/comments?post=2379"}],"version-history":[{"count":12,"href":"https:\/\/gorsko-constructions.com\/fr\/wp-json\/wp\/v2\/pages\/2379\/revisions"}],"predecessor-version":[{"id":3507,"href":"https:\/\/gorsko-constructions.com\/fr\/wp-json\/wp\/v2\/pages\/2379\/revisions\/3507"}],"wp:attachment":[{"href":"https:\/\/gorsko-constructions.com\/fr\/wp-json\/wp\/v2\/media?parent=2379"}],"curies":[{"name":"wp","href":"https:\/\/api.w.org\/{rel}","templated":true}]}}