{"id":419,"date":"2018-03-19T07:18:00","date_gmt":"2018-03-19T07:18:00","guid":{"rendered":"http:\/\/themes.radiantthemes.com\/constructionpress\/?page_id=419"},"modified":"2024-06-30T21:25:08","modified_gmt":"2024-06-30T21:25:08","slug":"gorsko-services","status":"publish","type":"page","link":"https:\/\/gorsko-constructions.com\/es\/gorsko-services\/","title":{"rendered":"Servicios"},"content":{"rendered":"<div class=\"wpb-content-wrapper\"><section data-vc-full-width=\"true\" data-vc-full-width-init=\"false\" class=\"vc_section vc_custom_1521461302789 vc_section-has-fill\"><div data-vc-full-width=\"true\" data-vc-full-width-init=\"false\" class=\"vc_row wpb_row vc_row-fluid vc_custom_1521535279484\"><div class=\"wpb_column vc_column_container vc_col-sm-12\"><div class=\"vc_column-inner vc_custom_1521461320441\"><div class=\"wpb_wrapper\"><h1 style=\"font-size: 35px;line-height: 45px;text-align: center\" class=\"vc_custom_heading font-weight-extrabold vc_custom_1714598409130\" >Entrega de estructuras de madera con montaje<\/h1>\n\t<div class=\"wpb_text_column wpb_content_element  vc_custom_1714598434998\" >\n\t\t<div class=\"wpb_wrapper\">\n\t\t\t<p style=\"text-align: center;\"><span style=\"font-weight: 400;\">Los servicios incluyen el montaje de estructuras de casas de madera hasta la fase deseada.<\/span><\/p>\n\n\t\t<\/div>\n\t<\/div>\n<\/div><\/div><\/div><\/div><div class=\"vc_row-full-width vc_clearfix\"><\/div><div data-vc-full-width=\"true\" data-vc-full-width-init=\"false\" class=\"vc_row wpb_row vc_row-fluid vc_custom_1521535443613 vc_column-gap-30 vc_row-o-equal-height vc_row-flex\"><div class=\"wpb_animate_when_almost_visible wpb_zoomIn zoomIn wpb_column vc_column_container vc_col-sm-3 vc_col-has-fill\"><div class=\"vc_column-inner vc_custom_1521540963031\"><div class=\"wpb_wrapper\">\n\t<div  class=\"wpb_single_image wpb_content_element vc_align_center  vc_custom_1719782597580\">\n\t\t\n\t\t<figure class=\"wpb_wrapper vc_figure\">\n\t\t\t<div class=\"vc_single_image-wrapper   vc_box_border_grey\"><img loading=\"lazy\" decoding=\"async\" width=\"80\" height=\"80\" src=\"https:\/\/gorsko-constructions.com\/wp-content\/uploads\/2018\/03\/Building-Maintanance-Icon-2.png\" class=\"vc_single_image-img attachment-full\" alt=\"Building-Maintanance-Icon\" title=\"Building-Maintanance-Icon\" \/><\/div>\n\t\t<\/figure>\n\t<\/div>\n<h4 style=\"font-size: 20px;line-height: 30px;text-align: center\" class=\"vc_custom_heading font-weight-bold vc_custom_1714600017022\" >Fabricaci\u00f3n<\/h4>\n\t<div class=\"wpb_text_column wpb_content_element  vc_custom_1714600030206\" >\n\t\t<div class=\"wpb_wrapper\">\n\t\t\t<p style=\"text-align: center;\"><span style=\"font-weight: 400;\">Fabricaci\u00f3n de paredes, techos y componentes del tejado en nuestro taller utilizando paneles individuales, como paneles OSB de 15 mm para elementos de pared y paneles OSB de 22 mm para elementos de techo.<\/span><\/p>\n\n\t\t<\/div>\n\t<\/div>\n<\/div><\/div><\/div><div class=\"wpb_animate_when_almost_visible wpb_zoomIn zoomIn wpb_column vc_column_container vc_col-sm-3 vc_col-has-fill\"><div class=\"vc_column-inner vc_custom_1521540968250\"><div class=\"wpb_wrapper\">\n\t<div  class=\"wpb_single_image wpb_content_element vc_align_center  vc_custom_1719782643536\">\n\t\t\n\t\t<figure class=\"wpb_wrapper vc_figure\">\n\t\t\t<div class=\"vc_single_image-wrapper   vc_box_border_grey\"><img loading=\"lazy\" decoding=\"async\" width=\"58\" height=\"59\" src=\"https:\/\/gorsko-constructions.com\/wp-content\/uploads\/2018\/03\/rocket.png\" class=\"vc_single_image-img attachment-full\" alt=\"\" title=\"rocket\" \/><\/div>\n\t\t<\/figure>\n\t<\/div>\n<h4 style=\"font-size: 20px;line-height: 30px;text-align: center\" class=\"vc_custom_heading font-weight-bold vc_custom_1714600049361\" >Transporte<\/h4>\n\t<div class=\"wpb_text_column wpb_content_element  vc_custom_1714600222029\" >\n\t\t<div class=\"wpb_wrapper\">\n\t\t\t<p style=\"text-align: center;\"><span style=\"font-weight: 400;\">Transporte de paredes y otros componentes estructurales a la obra. Se trata de cargar materiales prefabricados en veh\u00edculos especializados equipados para manipular su tama\u00f1o y peso con seguridad.<\/span><\/p>\n\n\t\t<\/div>\n\t<\/div>\n<\/div><\/div><\/div><div class=\"wpb_animate_when_almost_visible wpb_zoomIn zoomIn wpb_column vc_column_container vc_col-sm-3 vc_col-has-fill\"><div class=\"vc_column-inner vc_custom_1521540974603\"><div class=\"wpb_wrapper\">\n\t<div  class=\"wpb_single_image wpb_content_element vc_align_center  vc_custom_1719782672014\">\n\t\t\n\t\t<figure class=\"wpb_wrapper vc_figure\">\n\t\t\t<div class=\"vc_single_image-wrapper   vc_box_border_grey\"><img loading=\"lazy\" decoding=\"async\" width=\"80\" height=\"80\" src=\"https:\/\/gorsko-constructions.com\/wp-content\/uploads\/2018\/03\/Isolation-Icon.png\" class=\"vc_single_image-img attachment-full\" alt=\"Isolation-Icon\" title=\"Isolation-Icon\" \/><\/div>\n\t\t<\/figure>\n\t<\/div>\n<h4 style=\"font-size: 20px;line-height: 30px;text-align: center\" class=\"vc_custom_heading font-weight-bold vc_custom_1714600076698\" >Instalaci\u00f3n<\/h4>\n\t<div class=\"wpb_text_column wpb_content_element  vc_custom_1714600433693\" >\n\t\t<div class=\"wpb_wrapper\">\n\t\t\t<p style=\"text-align: center;\">El proceso de instalaci\u00f3n in situ implica la colocaci\u00f3n de paredes, techos y cubiertas, garantizando que cada componente se ensambla para cumplir las normas m\u00e1s estrictas de durabilidad y funcionalidad.<\/p>\n\n\t\t<\/div>\n\t<\/div>\n<\/div><\/div><\/div><div class=\"wpb_animate_when_almost_visible wpb_zoomIn zoomIn wpb_column vc_column_container vc_col-sm-3 vc_col-has-fill\"><div class=\"vc_column-inner vc_custom_1714599383123\"><div class=\"wpb_wrapper\">\n\t<div  class=\"wpb_single_image wpb_content_element vc_align_center  vc_custom_1719782703303\">\n\t\t\n\t\t<figure class=\"wpb_wrapper vc_figure\">\n\t\t\t<div class=\"vc_single_image-wrapper   vc_box_border_grey\"><img loading=\"lazy\" decoding=\"async\" width=\"80\" height=\"80\" src=\"https:\/\/gorsko-constructions.com\/wp-content\/uploads\/2018\/03\/Exterior-Design-Icon.png\" class=\"vc_single_image-img attachment-full\" alt=\"Exterior-Design-Icon\" title=\"Exterior-Design-Icon\" \/><\/div>\n\t\t<\/figure>\n\t<\/div>\n<h4 style=\"font-size: 20px;line-height: 30px;text-align: center\" class=\"vc_custom_heading font-weight-bold vc_custom_1714600255634\" >Tareas adicionales<\/h4>\n\t<div class=\"wpb_text_column wpb_content_element  vc_custom_1714601407054\" >\n\t\t<div class=\"wpb_wrapper\">\n\t\t\t<p style=\"text-align: center;\"><span style=\"font-weight: 400;\">En funci\u00f3n de los requisitos del proyecto y las preferencias del cliente, se abordar\u00e1n otras tareas, como cubiertas, chapister\u00eda, instalaci\u00f3n de aislamiento y acabado de fachadas.<\/span><\/p>\n\n\t\t<\/div>\n\t<\/div>\n<\/div><\/div><\/div><\/div><div class=\"vc_row-full-width vc_clearfix\"><\/div><\/section><div class=\"vc_row-full-width vc_clearfix\"><\/div><div data-vc-full-width=\"true\" data-vc-full-width-init=\"false\" data-vc-stretch-content=\"true\" class=\"vc_row wpb_row vc_row-fluid vc_custom_1521537650760 vc_row-no-padding vc_row-o-equal-height vc_row-o-content-bottom vc_row-flex\"><div class=\"wpb_column vc_column_container vc_col-sm-7 vc_col-has-fill\"><div class=\"vc_column-inner vc_custom_1715036795938\"><div class=\"wpb_wrapper\"><h3 style=\"font-size: 40px;color: #ffffff;line-height: 46px;text-align: left\" class=\"vc_custom_heading font-weight-extrabold vc_custom_1714601166224\" >Asesoramiento y formaci\u00f3n especializados<\/h3><h3 style=\"font-size: 40px;color: #fdbe21;line-height: 46px;text-align: left\" class=\"vc_custom_heading font-weight-extrabold vc_custom_1714601171950\" >en la industria maderera<\/h3><div style=\"font-size: 18px;color: #ffffff;line-height: 28px;text-align: left\" class=\"vc_custom_heading font-weight-regular vc_custom_1714601207187\" >Ofrecemos servicios de consultor\u00eda y formaci\u00f3n adaptados a la industria maderera. Nuestros expertos ofrecen orientaci\u00f3n sobre diversos aspectos de las construcciones de madera, desde el dise\u00f1o hasta el mantenimiento. Mediante un asesoramiento personalizado, ayudamos a nuestros clientes a sortear las complejidades de los proyectos.<\/div><\/div><\/div><\/div><div class=\"wpb_column vc_column_container vc_col-sm-5 vc_col-has-fill\"><div class=\"vc_column-inner vc_custom_1521536979434\"><div class=\"wpb_wrapper\"><h3 style=\"font-size: 35px;color: #ffffff;line-height: 50px;text-align: left\" class=\"vc_custom_heading font-weight-light vc_custom_1714601342006\" >Formaci\u00f3n en montaje de casas<\/h3>\n\t<div class=\"wpb_text_column wpb_content_element  vc_custom_1714601558758\" >\n\t\t<div class=\"wpb_wrapper\">\n\t\t\t<p><span style=\"color: #cfd1d3;\">Adem\u00e1s de nuestros servicios de consultor\u00eda y formaci\u00f3n, Gorsko ofrece programas de formaci\u00f3n e<\/span><\/p>\n<p>&nbsp;<\/p>\n<p><span style=\"color: #cfd1d3;\">Estos programas est\u00e1n dise\u00f1ados para dotar a los trabajadores de las habilidades y conocimientos necesarios para montar casas de forma independiente utilizando las estructuras preparadas suministradas por Gorsko.<\/span><\/p>\n<p>&nbsp;<\/p>\n<p><span style=\"color: #cfd1d3;\">Mediante una formaci\u00f3n pr\u00e1ctica y una instrucci\u00f3n exhaustiva, nos aseguramos de que los trabajadores adquieran los conocimientos necesarios para llevar a cabo sus proyectos con eficiencia y eficacia.<\/span><\/p>\n\n\t\t<\/div>\n\t<\/div>\n<\/div><\/div><\/div><\/div><div class=\"vc_row-full-width vc_clearfix\"><\/div><div class=\"vc_row wpb_row vc_row-fluid\"><div class=\"wpb_column vc_column_container vc_col-sm-12\"><div class=\"vc_column-inner\"><div class=\"wpb_wrapper\">\n<div class=\"vc-zigzag-wrapper vc-zigzag-align-center\"><div class=\"vc-zigzag-inner\" style=\"width: 100%;min-height: 14px;background: 0 repeat-x url(&#039;data:image\/svg+xml;utf-8,%3C%3Fxml%20version%3D%221.0%22%20encoding%3D%22utf-8%22%3F%3E%3C%21DOCTYPE%20svg%20PUBLIC%20%22-%2F%2FW3C%2F%2FDTD%20SVG%201.1%2F%2FEN%22%20%22http%3A%2F%2Fwww.w3.org%2FGraphics%2FSVG%2F1.1%2FDTD%2Fsvg11.dtd%22%3E%3Csvg%20width%3D%2214px%22%20height%3D%2212px%22%20viewBox%3D%220%200%2018%2015%22%20version%3D%221.1%22%20xmlns%3D%22http%3A%2F%2Fwww.w3.org%2F2000%2Fsvg%22%20xmlns%3Axlink%3D%22http%3A%2F%2Fwww.w3.org%2F1999%2Fxlink%22%3E%3Cpolygon%20id%3D%22Combined-Shape%22%20fill%3D%22%23ffffff%22%20points%3D%228.98762301%200%200%209.12771969%200%2014.519983%209%205.40479869%2018%2014.519983%2018%209.12771969%22%3E%3C%2Fpolygon%3E%3C%2Fsvg%3E&#039;);\"><\/div><\/div><\/div><\/div><\/div><\/div>\n<\/div>","protected":false},"excerpt":{"rendered":"Delivery Wooden Structures with Assembly Services include the assembly of wooden house structures up to the desired phase. Fabrication Fabrication of walls, ceilings, and roof components within our workshop using single panels, such as 15mm OSB panels for wall elements and 22mm OSB panels for ceiling elements. Transportation Transportation of wall and other structural components [...]","protected":false},"author":1,"featured_media":0,"parent":0,"menu_order":0,"comment_status":"closed","ping_status":"closed","template":"","meta":{"footnotes":""},"_links":{"self":[{"href":"https:\/\/gorsko-constructions.com\/es\/wp-json\/wp\/v2\/pages\/419"}],"collection":[{"href":"https:\/\/gorsko-constructions.com\/es\/wp-json\/wp\/v2\/pages"}],"about":[{"href":"https:\/\/gorsko-constructions.com\/es\/wp-json\/wp\/v2\/types\/page"}],"author":[{"embeddable":true,"href":"https:\/\/gorsko-constructions.com\/es\/wp-json\/wp\/v2\/users\/1"}],"replies":[{"embeddable":true,"href":"https:\/\/gorsko-constructions.com\/es\/wp-json\/wp\/v2\/comments?post=419"}],"version-history":[{"count":33,"href":"https:\/\/gorsko-constructions.com\/es\/wp-json\/wp\/v2\/pages\/419\/revisions"}],"predecessor-version":[{"id":3516,"href":"https:\/\/gorsko-constructions.com\/es\/wp-json\/wp\/v2\/pages\/419\/revisions\/3516"}],"wp:attachment":[{"href":"https:\/\/gorsko-constructions.com\/es\/wp-json\/wp\/v2\/media?parent=419"}],"curies":[{"name":"wp","href":"https:\/\/api.w.org\/{rel}","templated":true}]}}