{"id":309,"date":"2018-03-19T05:21:13","date_gmt":"2018-03-19T05:21:13","guid":{"rendered":"http:\/\/themes.radiantthemes.com\/constructionpress\/?page_id=309"},"modified":"2024-05-08T21:25:49","modified_gmt":"2024-05-08T21:25:49","slug":"about","status":"publish","type":"page","link":"https:\/\/gorsko-constructions.com\/es\/about\/","title":{"rendered":"About"},"content":{"rendered":"<div class=\"wpb-content-wrapper\"><div data-vc-full-width=\"true\" data-vc-full-width-init=\"false\" class=\"vc_row wpb_row vc_row-fluid vc_custom_1715036504076\"><div class=\"wpb_column vc_column_container vc_col-sm-6\"><div class=\"vc_column-inner\"><div class=\"wpb_wrapper\"><h3 style=\"font-size: 40px;line-height: 47px;text-align: left\" class=\"vc_custom_heading vc_custom_1521438131931\" >Presentaci\u00f3n de la empresa<\/h3><div style=\"font-size: 18px;color: #171c30;line-height: 28PX;text-align: left\" class=\"vc_custom_heading font-weight-medium vc_custom_1714592960788\" >GT GORSKO es una empresa eslovena l\u00edder en el campo del desarrollo y la producci\u00f3n de estructuras de madera de alta calidad.<\/div>\n\t<div class=\"wpb_text_column wpb_content_element\" >\n\t\t<div class=\"wpb_wrapper\">\n\t\t\t<p><span style=\"font-weight: 400;\">Con nuestra innovaci\u00f3n, profesionalidad y compromiso con la calidad, nos hemos convertido en sin\u00f3nimo de construcci\u00f3n sostenible y edificios de madera est\u00e9ticamente perfectos. Nuestra experiencia, combinada con los avances tecnol\u00f3gicos, nos permite producir soluciones flexibles para una amplia gama de necesidades de construcci\u00f3n, incluidos edificios residenciales, edificios p\u00fablicos, plantas de producci\u00f3n, apartamentos, hoteles y garajes tanto cerrados como abiertos.<\/span><\/p>\n<p>&nbsp;<\/p>\n<p><span style=\"font-weight: 400;\">Planificamos todas las construcciones individualmente seg\u00fan las preferencias del cliente, adem\u00e1s de contar con nuestros propios proyectos est\u00e1ndar. Los tama\u00f1os de nuestros proyectos van desde los 10 m\u00b2 hasta los 2000 m\u00b2 y m\u00e1s all\u00e1.<\/span><\/p>\n\n\t\t<\/div>\n\t<\/div>\n<\/div><\/div><\/div><div class=\"wpb_column vc_column_container vc_col-sm-6\"><div class=\"vc_column-inner\"><div class=\"wpb_wrapper\">\n\t<div  class=\"wpb_single_image wpb_content_element vc_align_left  vc_custom_1715036194535\">\n\t\t\n\t\t<figure class=\"wpb_wrapper vc_figure\">\n\t\t\t<div class=\"vc_single_image-wrapper   vc_box_border_grey\"><img loading=\"lazy\" decoding=\"async\" width=\"640\" height=\"381\" src=\"https:\/\/gorsko-constructions.com\/wp-content\/uploads\/2024\/05\/gorskoabout-1024x609.jpg\" class=\"vc_single_image-img attachment-large\" alt=\"\" title=\"gorskoabout\" srcset=\"https:\/\/gorsko-constructions.com\/wp-content\/uploads\/2024\/05\/gorskoabout-1024x609.jpg 1024w, https:\/\/gorsko-constructions.com\/wp-content\/uploads\/2024\/05\/gorskoabout-300x178.jpg 300w, https:\/\/gorsko-constructions.com\/wp-content\/uploads\/2024\/05\/gorskoabout-768x457.jpg 768w, https:\/\/gorsko-constructions.com\/wp-content\/uploads\/2024\/05\/gorskoabout.jpg 1500w\" sizes=\"(max-width: 640px) 100vw, 640px\" \/><\/div>\n\t\t<\/figure>\n\t<\/div>\n<\/div><\/div><\/div><\/div><div class=\"vc_row-full-width vc_clearfix\"><\/div><div class=\"vc_row wpb_row vc_row-fluid\"><div class=\"wpb_column vc_column_container vc_col-sm-12\"><div class=\"vc_column-inner\"><div class=\"wpb_wrapper\"><div class=\"vc_separator wpb_content_element vc_separator_align_center vc_sep_width_100 vc_sep_pos_align_center vc_sep_color_grey vc_separator-has-text\" ><span class=\"vc_sep_holder vc_sep_holder_l\"><span class=\"vc_sep_line\"><\/span><\/span><h4>Enviamos al cliente construcciones de madera en distintas fases de acabado<\/h4><span class=\"vc_sep_holder vc_sep_holder_r\"><span class=\"vc_sep_line\"><\/span><\/span>\n<\/div><\/div><\/div><\/div><\/div><div data-vc-full-width=\"true\" data-vc-full-width-init=\"false\" data-vc-parallax=\"2.0\" class=\"vc_row wpb_row vc_row-fluid vc_custom_1522134215826 vc_row-has-fill vc_general vc_parallax vc_parallax-content-moving\"><div class=\"company-overview-section-box-item wpb_column vc_column_container vc_col-sm-4\"><div class=\"vc_column-inner vc_custom_1522134118705\"><div class=\"wpb_wrapper\"><h6 style=\"font-size: 50px;color: #ffffff;line-height: 50px;text-align: left\" class=\"vc_custom_heading company-overview-section-box-item-number font-weight-light vc_custom_1522141906223\" >01.<\/h6><h6 style=\"font-size: 25px;color: #ffffff;line-height: 31px;text-align: left\" class=\"vc_custom_heading company-overview-section-box-item-title font-weight-regular vc_custom_1714593471880\" >En el pal\u00e9<\/h6><div style=\"font-size: 15px;color: #f9f7f7;line-height: 28px;text-align: left\" class=\"vc_custom_heading company-overview-section-box-item-text font-weight-regular vc_custom_1714593360771\" >Art\u00edculos preparados en el pal\u00e9<\/div><\/div><\/div><\/div><div class=\"wpb_column vc_column_container vc_col-sm-4\"><div class=\"vc_column-inner vc_custom_1522133813924\"><div class=\"wpb_wrapper\"><h6 style=\"font-size: 50px;color: #ffffff;line-height: 50px;text-align: left\" class=\"vc_custom_heading company-overview-section-box-item-number font-weight-light vc_custom_1522141915067\" >02.<\/h6><h6 style=\"font-size: 25px;color: #ffffff;line-height: 31px;text-align: left\" class=\"vc_custom_heading company-overview-section-box-item-title font-weight-regular vc_custom_1714593396138\" >Elementos compuestos<\/h6><div style=\"font-size: 15px;color: #f9f7f7;line-height: 28px;text-align: left\" class=\"vc_custom_heading company-overview-section-box-item-text font-weight-regular vc_custom_1714593387384\" >Elementos compuestos para la construcci\u00f3n con aislamiento<\/div><\/div><\/div><\/div><div class=\"wpb_column vc_column_container vc_col-sm-4\"><div class=\"vc_column-inner vc_custom_1522133821973\"><div class=\"wpb_wrapper\"><h6 style=\"font-size: 50px;color: #ffffff;line-height: 50px;text-align: left\" class=\"vc_custom_heading company-overview-section-box-item-number font-weight-light vc_custom_1522141927322\" >03.<\/h6><h6 style=\"font-size: 25px;color: #ffffff;line-height: 31px;text-align: left\" class=\"vc_custom_heading company-overview-section-box-item-title font-weight-regular vc_custom_1714593446464\" >Forma modular<\/h6><div style=\"font-size: 15px;color: #f9f7f7;line-height: 28px;text-align: left\" class=\"vc_custom_heading company-overview-section-box-item-text font-weight-regular vc_custom_1714593430186\" >La forma de los m\u00f3dulos para la construcci\u00f3n modular<\/div><\/div><\/div><\/div><\/div><div class=\"vc_row-full-width vc_clearfix\"><\/div><div data-vc-full-width=\"true\" data-vc-full-width-init=\"false\" class=\"vc_row wpb_row vc_row-fluid background-position-center-top vc_custom_1715035989862 vc_row-has-fill\"><div class=\"wpb_column vc_column_container vc_col-sm-6\"><div class=\"vc_column-inner vc_custom_1522134871068\"><div class=\"wpb_wrapper\"><\/div><\/div><\/div><div class=\"company-overview-big-thing-box wpb_column vc_column_container vc_col-sm-6 vc_col-has-fill\"><div class=\"vc_column-inner vc_custom_1522141968569\"><div class=\"wpb_wrapper\"><h3 style=\"font-size: 37px;line-height: 43px;text-align: left\" class=\"vc_custom_heading vc_custom_1715036443460\" >La precisi\u00f3n de la madera<br \/>\na trav\u00e9s de la tecnolog\u00eda moderna<\/h3>\n\t<div class=\"wpb_text_column wpb_content_element  vc_custom_1715036354279\" >\n\t\t<div class=\"wpb_wrapper\">\n\t\t\t<p>El uso de los \u00faltimos est\u00e1ndares y tecnolog\u00edas, tanto en la fase de planificaci\u00f3n como en la de producci\u00f3n (modelado BIM, corte CNC, etc.), garantiza una mayor precisi\u00f3n, eficacia y calidad a lo largo de todo el ciclo de vida del proyecto.<\/p>\n\n\t\t<\/div>\n\t<\/div>\n<\/div><\/div><\/div><\/div><div class=\"vc_row-full-width vc_clearfix\"><\/div>\n<\/div>","protected":false},"excerpt":{"rendered":"Company OverviewGT GORSKO is a leading Slovenian company in the field of development and production of high-quality wooden structures. With our innovation, professionalism, and commitment to quality, we have become synonymous with sustainable construction and aesthetically perfect wooden buildings. Our experience, combined with technological advances, allows us to produce flexible solutions for a wide range [...]","protected":false},"author":1,"featured_media":3385,"parent":0,"menu_order":0,"comment_status":"closed","ping_status":"closed","template":"","meta":{"footnotes":""},"_links":{"self":[{"href":"https:\/\/gorsko-constructions.com\/es\/wp-json\/wp\/v2\/pages\/309"}],"collection":[{"href":"https:\/\/gorsko-constructions.com\/es\/wp-json\/wp\/v2\/pages"}],"about":[{"href":"https:\/\/gorsko-constructions.com\/es\/wp-json\/wp\/v2\/types\/page"}],"author":[{"embeddable":true,"href":"https:\/\/gorsko-constructions.com\/es\/wp-json\/wp\/v2\/users\/1"}],"replies":[{"embeddable":true,"href":"https:\/\/gorsko-constructions.com\/es\/wp-json\/wp\/v2\/comments?post=309"}],"version-history":[{"count":25,"href":"https:\/\/gorsko-constructions.com\/es\/wp-json\/wp\/v2\/pages\/309\/revisions"}],"predecessor-version":[{"id":3401,"href":"https:\/\/gorsko-constructions.com\/es\/wp-json\/wp\/v2\/pages\/309\/revisions\/3401"}],"wp:featuredmedia":[{"embeddable":true,"href":"https:\/\/gorsko-constructions.com\/es\/wp-json\/wp\/v2\/media\/3385"}],"wp:attachment":[{"href":"https:\/\/gorsko-constructions.com\/es\/wp-json\/wp\/v2\/media?parent=309"}],"curies":[{"name":"wp","href":"https:\/\/api.w.org\/{rel}","templated":true}]}}