{"id":2379,"date":"2018-03-31T08:31:57","date_gmt":"2018-03-31T08:31:57","guid":{"rendered":"https:\/\/gorsko-constructions.com\/?page_id=2379"},"modified":"2024-05-26T13:21:44","modified_gmt":"2024-05-26T13:21:44","slug":"featured-projects","status":"publish","type":"page","link":"https:\/\/gorsko-constructions.com\/es\/featured-projects\/","title":{"rendered":"Proyectos Destacados"},"content":{"rendered":"<div class=\"wpb-content-wrapper\"><section data-vc-full-width=\"true\" data-vc-full-width-init=\"false\" class=\"vc_section vc_custom_1521461302789 vc_section-has-fill\"><div data-vc-full-width=\"true\" data-vc-full-width-init=\"false\" class=\"vc_row wpb_row vc_row-fluid vc_custom_1521535279484\"><div class=\"wpb_column vc_column_container vc_col-sm-12\"><div class=\"vc_column-inner vc_custom_1521461320441\"><div class=\"wpb_wrapper\"><h1 style=\"font-size: 35px;line-height: 45px;text-align: center\" class=\"vc_custom_heading font-weight-extrabold vc_custom_1715206407731\" >Proyecto destacado y referencias<\/h1><\/div><\/div><\/div><\/div><div class=\"vc_row-full-width vc_clearfix\"><\/div><\/section><div class=\"vc_row-full-width vc_clearfix\"><\/div><div data-vc-full-width=\"true\" data-vc-full-width-init=\"false\" class=\"vc_row wpb_row vc_row-fluid vc_custom_1715206490402 vc_row-has-fill\"><div class=\"wpb_column vc_column_container vc_col-sm-6\"><div class=\"vc_column-inner vc_custom_1521538945666\"><div class=\"wpb_wrapper\"><h3 style=\"font-size: 28px;line-height: 45px;text-align: left\" class=\"vc_custom_heading font-weight-extrabold vc_custom_1715206710898\" >Edificio comercial (440 m\u00b2)<\/h3>\n\t<div class=\"wpb_text_column wpb_content_element  vc_custom_1715206363189\" >\n\t\t<div class=\"wpb_wrapper\">\n\t\t\t<p><span style=\"font-weight: 400;\">En 2018, construimos un edificio de oficinas comerciales (Eslovenia), con una superficie total de 440 metros cuadrados, distribuidos en dos plantas de aproximadamente 220 metros cuadrados cada una. El proyecto inclu\u00eda c\u00e1lculos est\u00e1ticos y planos del taller.<\/span><\/p>\n<p><span style=\"font-weight: 400;\">La estructura del edificio es de madera encolada y est\u00e1 aislada con lana mineral. La fachada presenta una superficie de contacto, con la adici\u00f3n de lamas verticales de madera de alerce en el piso superior para obtener beneficios est\u00e9ticos y funcionales.<\/span><\/p>\n\n\t\t<\/div>\n\t<\/div>\n<\/div><\/div><\/div><div class=\"wpb_column vc_column_container vc_col-sm-6\"><div class=\"vc_column-inner vc_custom_1521538959754\"><div class=\"wpb_wrapper\">\n\t<div  class=\"wpb_single_image wpb_content_element vc_align_center  vc_custom_1715206336787\">\n\t\t\n\t\t<figure class=\"wpb_wrapper vc_figure\">\n\t\t\t<div class=\"vc_single_image-wrapper   vc_box_border_grey\"><img loading=\"lazy\" decoding=\"async\" width=\"1200\" height=\"617\" src=\"https:\/\/gorsko-constructions.com\/wp-content\/uploads\/2024\/05\/1710877087676.jpeg\" class=\"vc_single_image-img attachment-full\" alt=\"\" title=\"1710877087676\" srcset=\"https:\/\/gorsko-constructions.com\/wp-content\/uploads\/2024\/05\/1710877087676.jpeg 1200w, https:\/\/gorsko-constructions.com\/wp-content\/uploads\/2024\/05\/1710877087676-300x154.jpeg 300w, https:\/\/gorsko-constructions.com\/wp-content\/uploads\/2024\/05\/1710877087676-1024x527.jpeg 1024w, https:\/\/gorsko-constructions.com\/wp-content\/uploads\/2024\/05\/1710877087676-768x395.jpeg 768w, https:\/\/gorsko-constructions.com\/wp-content\/uploads\/2024\/05\/1710877087676-18x9.jpeg 18w\" sizes=\"(max-width: 1200px) 100vw, 1200px\" \/><\/div>\n\t\t<\/figure>\n\t<\/div>\n<\/div><\/div><\/div><\/div><div class=\"vc_row-full-width vc_clearfix\"><\/div><div data-vc-full-width=\"true\" data-vc-full-width-init=\"false\" class=\"vc_row wpb_row vc_row-fluid vc_custom_1715206490402 vc_row-has-fill\"><div class=\"wpb_column vc_column_container vc_col-sm-6\"><div class=\"vc_column-inner vc_custom_1521538945666\"><div class=\"wpb_wrapper\"><h3 style=\"font-size: 28px;line-height: 45px;text-align: left\" class=\"vc_custom_heading font-weight-extrabold vc_custom_1715206716580\" >Almac\u00e9n de madera (1814 m\u00b2)<\/h3>\n\t<div class=\"wpb_text_column wpb_content_element  vc_custom_1715206563623\" >\n\t\t<div class=\"wpb_wrapper\">\n\t\t\t<p><b>I<\/b><span style=\"font-weight: 400;\">En 2021 terminamos un almac\u00e9n (Eslovenia), que abarca todas las fases, desde la planificaci\u00f3n y los c\u00e1lculos est\u00e1ticos hasta la producci\u00f3n y el montaje. El edificio tiene una superficie de 16,8 x 54 metros, unos 907 metros cuadrados por planta, con un total de 1814 metros cuadrados en dos plantas. Este dise\u00f1o admite una gran variedad de usos y ofrece mucho espacio para operaciones y oficinas.<\/span><\/p>\n\n\t\t<\/div>\n\t<\/div>\n<\/div><\/div><\/div><div class=\"wpb_column vc_column_container vc_col-sm-6\"><div class=\"vc_column-inner vc_custom_1521538959754\"><div class=\"wpb_wrapper\">\n\t<div  class=\"wpb_single_image wpb_content_element vc_align_center  vc_custom_1715206669604\">\n\t\t\n\t\t<figure class=\"wpb_wrapper vc_figure\">\n\t\t\t<div class=\"vc_single_image-wrapper   vc_box_border_grey\"><img loading=\"lazy\" decoding=\"async\" width=\"1200\" height=\"799\" src=\"https:\/\/gorsko-constructions.com\/wp-content\/uploads\/2024\/05\/3BRICKS_2021_2-2.jpg\" class=\"vc_single_image-img attachment-full\" alt=\"\" title=\"3BRICKS_2021_2 (2)\" srcset=\"https:\/\/gorsko-constructions.com\/wp-content\/uploads\/2024\/05\/3BRICKS_2021_2-2.jpg 1200w, https:\/\/gorsko-constructions.com\/wp-content\/uploads\/2024\/05\/3BRICKS_2021_2-2-300x200.jpg 300w, https:\/\/gorsko-constructions.com\/wp-content\/uploads\/2024\/05\/3BRICKS_2021_2-2-1024x682.jpg 1024w, https:\/\/gorsko-constructions.com\/wp-content\/uploads\/2024\/05\/3BRICKS_2021_2-2-768x511.jpg 768w, https:\/\/gorsko-constructions.com\/wp-content\/uploads\/2024\/05\/3BRICKS_2021_2-2-18x12.jpg 18w\" sizes=\"(max-width: 1200px) 100vw, 1200px\" \/><\/div>\n\t\t<\/figure>\n\t<\/div>\n<\/div><\/div><\/div><\/div><div class=\"vc_row-full-width vc_clearfix\"><\/div><div data-vc-full-width=\"true\" data-vc-full-width-init=\"false\" class=\"vc_row wpb_row vc_row-fluid vc_custom_1715206490402 vc_row-has-fill\"><div class=\"wpb_column vc_column_container vc_col-sm-6\"><div class=\"vc_column-inner vc_custom_1521538945666\"><div class=\"wpb_wrapper\"><h3 style=\"font-size: 28px;line-height: 45px;text-align: left\" class=\"vc_custom_heading font-weight-extrabold vc_custom_1716729701152\" >Casa (150 m\u00b2)<\/h3>\n\t<div class=\"wpb_text_column wpb_content_element  vc_custom_1715206782353\" >\n\t\t<div class=\"wpb_wrapper\">\n\t\t\t<p><span style=\"font-weight: 400;\">Construida en 2021, esta vivienda cuenta con aproximadamente 150 metros cuadrados de superficie \u00fatil. Su dise\u00f1o arquitect\u00f3nico presenta una s\u00f3lida estructura de entramado de madera, que proporciona una base natural y s\u00f3lida. El exterior est\u00e1 elegantemente revestido con placas de fibra de cemento, ofreciendo una fachada moderna y duradera que complementa la construcci\u00f3n de madera.<\/span><\/p>\n\n\t\t<\/div>\n\t<\/div>\n<\/div><\/div><\/div><div class=\"wpb_column vc_column_container vc_col-sm-6\"><div class=\"vc_column-inner vc_custom_1521538959754\"><div class=\"wpb_wrapper\">\n\t<div  class=\"wpb_single_image wpb_content_element vc_align_center  vc_custom_1715206865005\">\n\t\t\n\t\t<figure class=\"wpb_wrapper vc_figure\">\n\t\t\t<div class=\"vc_single_image-wrapper   vc_box_border_grey\"><img loading=\"lazy\" decoding=\"async\" width=\"1200\" height=\"654\" src=\"https:\/\/gorsko-constructions.com\/wp-content\/uploads\/2024\/05\/1710877974105549.jpeg.png\" class=\"vc_single_image-img attachment-full\" alt=\"\" title=\"1710877974105549.jpeg\" srcset=\"https:\/\/gorsko-constructions.com\/wp-content\/uploads\/2024\/05\/1710877974105549.jpeg.png 1200w, https:\/\/gorsko-constructions.com\/wp-content\/uploads\/2024\/05\/1710877974105549.jpeg-300x164.png 300w, https:\/\/gorsko-constructions.com\/wp-content\/uploads\/2024\/05\/1710877974105549.jpeg-1024x558.png 1024w, https:\/\/gorsko-constructions.com\/wp-content\/uploads\/2024\/05\/1710877974105549.jpeg-768x419.png 768w, https:\/\/gorsko-constructions.com\/wp-content\/uploads\/2024\/05\/1710877974105549.jpeg-18x10.png 18w\" sizes=\"(max-width: 1200px) 100vw, 1200px\" \/><\/div>\n\t\t<\/figure>\n\t<\/div>\n<\/div><\/div><\/div><\/div><div class=\"vc_row-full-width vc_clearfix\"><\/div><div data-vc-full-width=\"true\" data-vc-full-width-init=\"false\" class=\"vc_row wpb_row vc_row-fluid vc_custom_1715206490402 vc_row-has-fill\"><div class=\"wpb_column vc_column_container vc_col-sm-6\"><div class=\"vc_column-inner vc_custom_1521538945666\"><div class=\"wpb_wrapper\"><h3 style=\"font-size: 28px;line-height: 45px;text-align: left\" class=\"vc_custom_heading font-weight-extrabold vc_custom_1715206878255\" >Casa moderna (250 m\u00b2)<\/h3>\n\t<div class=\"wpb_text_column wpb_content_element  vc_custom_1715206890626\" >\n\t\t<div class=\"wpb_wrapper\">\n\t\t\t<p><span style=\"font-weight: 400;\">Construida en 2023, esta casa ofrece 250 metros cuadrados de superficie \u00fatil en dos plantas. Su estructura es principalmente un armaz\u00f3n de madera, complementado con vigas macizas en zonas clave para mayor soporte. Seleccionamos materiales naturales para el aislamiento con el fin de mejorar la eficiencia energ\u00e9tica de la casa. La casa tiene techos altos, de hasta 6 metros en algunas zonas, y grandes ventanales, que aportan mucha luz natural y ampl\u00edan la sensaci\u00f3n de espacio.<\/span><\/p>\n\n\t\t<\/div>\n\t<\/div>\n<\/div><\/div><\/div><div class=\"wpb_column vc_column_container vc_col-sm-6\"><div class=\"vc_column-inner vc_custom_1521538959754\"><div class=\"wpb_wrapper\">\n\t<div  class=\"wpb_single_image wpb_content_element vc_align_center  vc_custom_1715206937318\">\n\t\t\n\t\t<figure class=\"wpb_wrapper vc_figure\">\n\t\t\t<div class=\"vc_single_image-wrapper   vc_box_border_grey\"><img loading=\"lazy\" decoding=\"async\" width=\"2560\" height=\"1920\" src=\"https:\/\/gorsko-constructions.com\/wp-content\/uploads\/2024\/05\/1710878344981-scaled.jpeg\" class=\"vc_single_image-img attachment-full\" alt=\"\" title=\"1710878344981\" srcset=\"https:\/\/gorsko-constructions.com\/wp-content\/uploads\/2024\/05\/1710878344981-scaled.jpeg 2560w, https:\/\/gorsko-constructions.com\/wp-content\/uploads\/2024\/05\/1710878344981-300x225.jpeg 300w, https:\/\/gorsko-constructions.com\/wp-content\/uploads\/2024\/05\/1710878344981-1024x768.jpeg 1024w, https:\/\/gorsko-constructions.com\/wp-content\/uploads\/2024\/05\/1710878344981-768x576.jpeg 768w, https:\/\/gorsko-constructions.com\/wp-content\/uploads\/2024\/05\/1710878344981-1536x1152.jpeg 1536w, https:\/\/gorsko-constructions.com\/wp-content\/uploads\/2024\/05\/1710878344981-2048x1536.jpeg 2048w, https:\/\/gorsko-constructions.com\/wp-content\/uploads\/2024\/05\/1710878344981-16x12.jpeg 16w\" sizes=\"(max-width: 2560px) 100vw, 2560px\" \/><\/div>\n\t\t<\/figure>\n\t<\/div>\n<\/div><\/div><\/div><\/div><div class=\"vc_row-full-width vc_clearfix\"><\/div><div data-vc-full-width=\"true\" data-vc-full-width-init=\"false\" class=\"vc_row wpb_row vc_row-fluid vc_custom_1715206490402 vc_row-has-fill\"><div class=\"wpb_column vc_column_container vc_col-sm-6\"><div class=\"vc_column-inner vc_custom_1521538945666\"><div class=\"wpb_wrapper\"><h3 style=\"font-size: 28px;line-height: 45px;text-align: left\" class=\"vc_custom_heading font-weight-extrabold vc_custom_1715206957249\" >Edificio p\u00fablico (430 m\u00b2)<\/h3>\n\t<div class=\"wpb_text_column wpb_content_element  vc_custom_1715206969542\" >\n\t\t<div class=\"wpb_wrapper\">\n\t\t\t<p><span style=\"font-weight: 400;\">En 2019, finalizamos la construcci\u00f3n de un local p\u00fablico, de 430 metros cuadrados repartidos en dos plantas. La estructura del edificio es de madera maciza, mientras que los techos y la cubierta son de paneles de madera laminada cruzada (CLT), que combinan resistencia y est\u00e9tica. Para el aislamiento, elegimos fibras de madera natural, en l\u00ednea con nuestro compromiso con la sostenibilidad y la responsabilidad medioambiental. La fachada est\u00e1 bellamente acabada con madera de alerce.<\/span><\/p>\n\n\t\t<\/div>\n\t<\/div>\n<\/div><\/div><\/div><div class=\"wpb_column vc_column_container vc_col-sm-6\"><div class=\"vc_column-inner vc_custom_1521538959754\"><div class=\"wpb_wrapper\">\n\t<div  class=\"wpb_single_image wpb_content_element vc_align_center  vc_custom_1715206997706\">\n\t\t\n\t\t<figure class=\"wpb_wrapper vc_figure\">\n\t\t\t<div class=\"vc_single_image-wrapper   vc_box_border_grey\"><img loading=\"lazy\" decoding=\"async\" width=\"1500\" height=\"1000\" src=\"https:\/\/gorsko-constructions.com\/wp-content\/uploads\/2024\/05\/1710879002565.jpeg\" class=\"vc_single_image-img attachment-full\" alt=\"\" title=\"1710879002565\" srcset=\"https:\/\/gorsko-constructions.com\/wp-content\/uploads\/2024\/05\/1710879002565.jpeg 1500w, https:\/\/gorsko-constructions.com\/wp-content\/uploads\/2024\/05\/1710879002565-300x200.jpeg 300w, https:\/\/gorsko-constructions.com\/wp-content\/uploads\/2024\/05\/1710879002565-1024x683.jpeg 1024w, https:\/\/gorsko-constructions.com\/wp-content\/uploads\/2024\/05\/1710879002565-768x512.jpeg 768w, https:\/\/gorsko-constructions.com\/wp-content\/uploads\/2024\/05\/1710879002565-18x12.jpeg 18w\" sizes=\"(max-width: 1500px) 100vw, 1500px\" \/><\/div>\n\t\t<\/figure>\n\t<\/div>\n<\/div><\/div><\/div><\/div><div class=\"vc_row-full-width vc_clearfix\"><\/div><div data-vc-full-width=\"true\" data-vc-full-width-init=\"false\" class=\"vc_row wpb_row vc_row-fluid vc_custom_1715206490402 vc_row-has-fill\"><div class=\"wpb_column vc_column_container vc_col-sm-6\"><div class=\"vc_column-inner vc_custom_1521538945666\"><div class=\"wpb_wrapper\"><h3 style=\"font-size: 28px;line-height: 45px;text-align: left\" class=\"vc_custom_heading font-weight-extrabold vc_custom_1715207133599\" >Unidades modulares (viviendas unifamiliares o edificios de viviendas)<\/h3>\n\t<div class=\"wpb_text_column wpb_content_element  vc_custom_1715207149018\" >\n\t\t<div class=\"wpb_wrapper\">\n\t\t\t<p><span style=\"font-weight: 400;\">Nuestra empresa est\u00e1 especializada en el dise\u00f1o y la producci\u00f3n de unidades modulares para la construcci\u00f3n de viviendas unifamiliares y edificios de viviendas, aptas para una amplia gama de usuarios, como familias, trabajadores, oficinas, comercios, estudiantes y jubilados. Nuestros edificios van desde estructuras de una sola planta a estructuras de varias plantas, y pueden llegar hasta los cuatro pisos o m\u00e1s. En consonancia con nuestro compromiso con la sostenibilidad y las normas de construcci\u00f3n ecol\u00f3gica, utilizamos estructuras de madera de alta calidad y aislamiento de fibra de madera natural.<\/span><\/p>\n\n\t\t<\/div>\n\t<\/div>\n<\/div><\/div><\/div><div class=\"wpb_column vc_column_container vc_col-sm-6\"><div class=\"vc_column-inner vc_custom_1521538959754\"><div class=\"wpb_wrapper\">\n\t<div  class=\"wpb_single_image wpb_content_element vc_align_center  vc_custom_1715207314835\">\n\t\t\n\t\t<figure class=\"wpb_wrapper vc_figure\">\n\t\t\t<div class=\"vc_single_image-wrapper   vc_box_border_grey\"><img loading=\"lazy\" decoding=\"async\" width=\"2560\" height=\"1920\" src=\"https:\/\/gorsko-constructions.com\/wp-content\/uploads\/2024\/05\/1710879884381-scaled.jpeg\" class=\"vc_single_image-img attachment-full\" alt=\"\" title=\"1710879884381\" srcset=\"https:\/\/gorsko-constructions.com\/wp-content\/uploads\/2024\/05\/1710879884381-scaled.jpeg 2560w, https:\/\/gorsko-constructions.com\/wp-content\/uploads\/2024\/05\/1710879884381-300x225.jpeg 300w, https:\/\/gorsko-constructions.com\/wp-content\/uploads\/2024\/05\/1710879884381-1024x768.jpeg 1024w, https:\/\/gorsko-constructions.com\/wp-content\/uploads\/2024\/05\/1710879884381-768x576.jpeg 768w, https:\/\/gorsko-constructions.com\/wp-content\/uploads\/2024\/05\/1710879884381-1536x1152.jpeg 1536w, https:\/\/gorsko-constructions.com\/wp-content\/uploads\/2024\/05\/1710879884381-2048x1536.jpeg 2048w, https:\/\/gorsko-constructions.com\/wp-content\/uploads\/2024\/05\/1710879884381-16x12.jpeg 16w\" sizes=\"(max-width: 2560px) 100vw, 2560px\" \/><\/div>\n\t\t<\/figure>\n\t<\/div>\n<\/div><\/div><\/div><\/div><div class=\"vc_row-full-width vc_clearfix\"><\/div><div data-vc-full-width=\"true\" data-vc-full-width-init=\"false\" class=\"vc_row wpb_row vc_row-fluid vc_custom_1715206490402 vc_row-has-fill\"><div class=\"wpb_column vc_column_container vc_col-sm-6\"><div class=\"vc_column-inner vc_custom_1521538945666\"><div class=\"wpb_wrapper\"><h3 style=\"font-size: 28px;line-height: 45px;text-align: left\" class=\"vc_custom_heading font-weight-extrabold vc_custom_1715207043691\" >Local p\u00fablico - Jard\u00edn de infancia (2248 m\u00b2)<\/h3>\n\t<div class=\"wpb_text_column wpb_content_element  vc_custom_1715207058805\" >\n\t\t<div class=\"wpb_wrapper\">\n\t\t\t<p><span style=\"font-weight: 400;\">En 2019, completamos un local p\u00fablico de dos plantas, que ofrece una superficie total de 2248 metros cuadrados. La columna vertebral arquitect\u00f3nica de este edificio es una estructura de madera, elegida por su durabilidad y sus cualidades ecol\u00f3gicas. Para mejorar su eficiencia energ\u00e9tica y confort, utilizamos fibras de madera natural para el aislamiento, garantizando un entorno sostenible y acogedor. Este dise\u00f1o pone de relieve nuestro inter\u00e9s por el medio ambiente, al tiempo que crea un espacio pr\u00e1ctico y atractivo.<\/span><\/p>\n\n\t\t<\/div>\n\t<\/div>\n<\/div><\/div><\/div><div class=\"wpb_column vc_column_container vc_col-sm-6\"><div class=\"vc_column-inner vc_custom_1521538959754\"><div class=\"wpb_wrapper\">\n\t<div  class=\"wpb_single_image wpb_content_element vc_align_center  vc_custom_1715207120722\">\n\t\t\n\t\t<figure class=\"wpb_wrapper vc_figure\">\n\t\t\t<div class=\"vc_single_image-wrapper   vc_box_border_grey\"><img loading=\"lazy\" decoding=\"async\" width=\"719\" height=\"507\" src=\"https:\/\/gorsko-constructions.com\/wp-content\/uploads\/2024\/05\/pb.png\" class=\"vc_single_image-img attachment-full\" alt=\"\" title=\"pb\" srcset=\"https:\/\/gorsko-constructions.com\/wp-content\/uploads\/2024\/05\/pb.png 719w, https:\/\/gorsko-constructions.com\/wp-content\/uploads\/2024\/05\/pb-300x212.png 300w, https:\/\/gorsko-constructions.com\/wp-content\/uploads\/2024\/05\/pb-18x12.png 18w\" sizes=\"(max-width: 719px) 100vw, 719px\" \/><\/div>\n\t\t<\/figure>\n\t<\/div>\n<\/div><\/div><\/div><\/div><div class=\"vc_row-full-width vc_clearfix\"><\/div>\n<\/div>","protected":false},"excerpt":{"rendered":"Featured Project and ReferencesCommercial Building (440sqm) In 2018, we constructed a commercial office building (Slovenia), with a total area of 440 square meters, distributed over two floors of approximately 220 square meters each. The project included static calculations and workshop plans. The building's structure is made of glued wood, and insulated with stone wool. The [...]","protected":false},"author":1,"featured_media":0,"parent":0,"menu_order":0,"comment_status":"closed","ping_status":"closed","template":"","meta":{"footnotes":""},"_links":{"self":[{"href":"https:\/\/gorsko-constructions.com\/es\/wp-json\/wp\/v2\/pages\/2379"}],"collection":[{"href":"https:\/\/gorsko-constructions.com\/es\/wp-json\/wp\/v2\/pages"}],"about":[{"href":"https:\/\/gorsko-constructions.com\/es\/wp-json\/wp\/v2\/types\/page"}],"author":[{"embeddable":true,"href":"https:\/\/gorsko-constructions.com\/es\/wp-json\/wp\/v2\/users\/1"}],"replies":[{"embeddable":true,"href":"https:\/\/gorsko-constructions.com\/es\/wp-json\/wp\/v2\/comments?post=2379"}],"version-history":[{"count":12,"href":"https:\/\/gorsko-constructions.com\/es\/wp-json\/wp\/v2\/pages\/2379\/revisions"}],"predecessor-version":[{"id":3507,"href":"https:\/\/gorsko-constructions.com\/es\/wp-json\/wp\/v2\/pages\/2379\/revisions\/3507"}],"wp:attachment":[{"href":"https:\/\/gorsko-constructions.com\/es\/wp-json\/wp\/v2\/media?parent=2379"}],"curies":[{"name":"wp","href":"https:\/\/api.w.org\/{rel}","templated":true}]}}