{"id":2,"date":"2018-03-03T06:19:29","date_gmt":"2018-03-03T06:19:29","guid":{"rendered":"http:\/\/themes.radiantthemes.com\/builderpro\/?page_id=2"},"modified":"2024-05-08T22:48:15","modified_gmt":"2024-05-08T22:48:15","slug":"home-version-1","status":"publish","type":"page","link":"https:\/\/gorsko-constructions.com\/es\/","title":{"rendered":"Home Version 1"},"content":{"rendered":"<div class=\"wpb-content-wrapper\"><div class=\"vc_row wpb_row vc_row-fluid vc_custom_1701162788081\"><div class=\"wpb_column vc_column_container vc_col-sm-12\"><div class=\"vc_column-inner vc_custom_1520319054567\"><div class=\"wpb_wrapper\">\n\t<div class=\"wpb_text_column wpb_content_element  vc_custom_1525683852305\" >\n\t\t<div class=\"wpb_wrapper\">\n\t\t\t\n\t\t\t<!-- START homepage1 REVOLUTION SLIDER 6.6.20 --><p class=\"rs-p-wp-fix\"><\/p>\n\t\t\t<rs-module-wrap id=\"rev_slider_3_1_wrapper\" data-source=\"gallery\" style=\"visibility:hidden;background:transparent;padding:0;margin:0px auto;margin-top:0;margin-bottom:0;\">\n\t\t\t\t<rs-module id=\"rev_slider_3_1\" style=\"\" data-version=\"6.6.20\">\n\t\t\t\t\t<rs-slides style=\"overflow: hidden; position: absolute;\">\n\t\t\t\t\t\t<rs-slide style=\"position: absolute;\" data-key=\"rs-11\" data-title=\"Slide\" data-thumb=\"\/\/gorsko-constructions.com\/wp-content\/uploads\/2024\/03\/gorsko_bg1-100x50.png\" data-anim=\"e:slidingoverlay;ms:2000;\" data-in=\"o:1;y:100%;\" data-out=\"a:false;\" data-alttrans=\"scaledownfrombottom\">\n\t\t\t\t\t\t\t<img decoding=\"async\" src=\"\/\/gorsko-constructions.com\/wp-content\/plugins\/revslider\/public\/assets\/assets\/dummy.png\" alt=\"\" title=\"gorsko_bg1\" width=\"1100\" height=\"817\" class=\"rev-slidebg tp-rs-img rs-lazyload\" data-lazyload=\"\/\/gorsko-constructions.com\/wp-content\/uploads\/2024\/03\/gorsko_bg1.png\" data-no-retina>\n<!--\n\t\t\t\t\t\t\t--><rs-layer\n\t\t\t\t\t\t\t\tid=\"slider-3-slide-11-layer-2\" \n\t\t\t\t\t\t\t\tdata-type=\"text\"\n\t\t\t\t\t\t\t\tdata-color=\"#f5b315\"\n\t\t\t\t\t\t\t\tdata-rsp_ch=\"on\"\n\t\t\t\t\t\t\t\tdata-xy=\"xo:18px,18px,18px,4px;yo:211px,211px,211px,192px;\"\n\t\t\t\t\t\t\t\tdata-text=\"s:60,60,60,40;l:60,60,60,50;ls:-1px;fw:700;a:inherit;\"\n\t\t\t\t\t\t\t\tdata-frame_0=\"y:100%;\"\n\t\t\t\t\t\t\t\tdata-frame_1=\"e:power4.inOut;sp:2000;sR:10;\"\n\t\t\t\t\t\t\t\tdata-frame_999=\"o:0;st:w;sR:6990;\"\n\t\t\t\t\t\t\t\tstyle=\"z-index:8;font-family:'Poppins';\"\n\t\t\t\t\t\t\t>Construcciones de \n\t\t\t\t\t\t\t<\/rs-layer><!--\n\n\t\t\t\t\t\t\t--><rs-layer\n\t\t\t\t\t\t\t\tid=\"slider-3-slide-11-layer-3\" \n\t\t\t\t\t\t\t\tdata-type=\"text\"\n\t\t\t\t\t\t\t\tdata-rsp_ch=\"on\"\n\t\t\t\t\t\t\t\tdata-xy=\"xo:22px,22px,22px,4px;yo:377px,377px,377px,306px;\"\n\t\t\t\t\t\t\t\tdata-text=\"s:18,18,18,14;l:30,30,30,26;ls:1px;fw:300;a:inherit;\"\n\t\t\t\t\t\t\t\tdata-frame_0=\"y:100%;\"\n\t\t\t\t\t\t\t\tdata-frame_1=\"e:power4.inOut;sp:2000;sR:10;\"\n\t\t\t\t\t\t\t\tdata-frame_999=\"o:0;st:w;sR:6990;\"\n\t\t\t\t\t\t\t\tstyle=\"z-index:6;font-family:'Rubik';\"\n\t\t\t\t\t\t\t>La construcci\u00f3n natural, que incluye edificios de madera, crea <\/BR> las condiciones para una vida c\u00f3moda y de alta calidad. \n\t\t\t\t\t\t\t<\/rs-layer><!--\n\n\t\t\t\t\t\t\t--><rs-layer\n\t\t\t\t\t\t\t\tid=\"slider-3-slide-11-layer-6\" \n\t\t\t\t\t\t\t\tdata-type=\"text\"\n\t\t\t\t\t\t\t\tdata-rsp_ch=\"on\"\n\t\t\t\t\t\t\t\tdata-xy=\"xo:19px,19px,19px,4px;yo:283px,283px,283px,246px;\"\n\t\t\t\t\t\t\t\tdata-text=\"s:80,80,80,40;l:80,80,80,50;ls:-1px;fw:700;a:inherit;\"\n\t\t\t\t\t\t\t\tdata-frame_0=\"y:100%;\"\n\t\t\t\t\t\t\t\tdata-frame_1=\"e:power4.inOut;sp:2000;sR:10;\"\n\t\t\t\t\t\t\t\tdata-frame_999=\"o:0;st:w;sR:6990;\"\n\t\t\t\t\t\t\t\tstyle=\"z-index:7;font-family:'Poppins';\"\n\t\t\t\t\t\t\t>madera Gorsko \n\t\t\t\t\t\t\t<\/rs-layer><!--\n-->\t\t\t\t\t\t<\/rs-slide>\n\t\t\t\t\t\t<rs-slide style=\"position: absolute;\" data-key=\"rs-13\" data-title=\"Slide\" data-thumb=\"\/\/gorsko-constructions.com\/wp-content\/uploads\/2024\/03\/gorsko_bg2-100x50.png\" data-anim=\"e:slidingoverlay;ms:2000;\" data-in=\"o:1;y:100%;\" data-out=\"a:false;\" data-alttrans=\"scaledownfrombottom\">\n\t\t\t\t\t\t\t<img decoding=\"async\" src=\"\/\/gorsko-constructions.com\/wp-content\/plugins\/revslider\/public\/assets\/assets\/dummy.png\" alt=\"\" title=\"gorsko_bg2\" width=\"1100\" height=\"817\" class=\"rev-slidebg tp-rs-img rs-lazyload\" data-lazyload=\"\/\/gorsko-constructions.com\/wp-content\/uploads\/2024\/03\/gorsko_bg2.png\" data-no-retina>\n<!--\n\t\t\t\t\t\t\t--><rs-layer\n\t\t\t\t\t\t\t\tid=\"slider-3-slide-13-layer-2\" \n\t\t\t\t\t\t\t\tdata-type=\"text\"\n\t\t\t\t\t\t\t\tdata-color=\"#f5b315\"\n\t\t\t\t\t\t\t\tdata-rsp_ch=\"on\"\n\t\t\t\t\t\t\t\tdata-xy=\"xo:0,0,0,4px;yo:211px,211px,211px,192px;\"\n\t\t\t\t\t\t\t\tdata-text=\"s:50,50,50,40;l:50;ls:-1px;fw:700;a:inherit;\"\n\t\t\t\t\t\t\t\tdata-frame_0=\"y:100%;\"\n\t\t\t\t\t\t\t\tdata-frame_1=\"e:power4.inOut;sp:2000;sR:10;\"\n\t\t\t\t\t\t\t\tdata-frame_999=\"o:0;st:w;sR:6990;\"\n\t\t\t\t\t\t\t\tstyle=\"z-index:5;font-family:'Poppins';\"\n\t\t\t\t\t\t\t>Pr\u00e1cticas de construcci\u00f3n respetuosas \n\t\t\t\t\t\t\t<\/rs-layer><!--\n\n\t\t\t\t\t\t\t--><rs-layer\n\t\t\t\t\t\t\t\tid=\"slider-3-slide-13-layer-3\" \n\t\t\t\t\t\t\t\tdata-type=\"text\"\n\t\t\t\t\t\t\t\tdata-rsp_ch=\"on\"\n\t\t\t\t\t\t\t\tdata-xy=\"xo:0,0,0,4px;yo:377px,377px,377px,306px;\"\n\t\t\t\t\t\t\t\tdata-text=\"s:18,18,18,14;l:30,30,30,26;ls:1px;fw:300;a:inherit;\"\n\t\t\t\t\t\t\t\tdata-frame_0=\"y:100%;\"\n\t\t\t\t\t\t\t\tdata-frame_1=\"e:power4.inOut;sp:2000;sR:10;\"\n\t\t\t\t\t\t\t\tdata-frame_999=\"o:0;st:w;sR:6990;\"\n\t\t\t\t\t\t\t\tstyle=\"z-index:6;font-family:'Rubik';\"\n\t\t\t\t\t\t\t>Las construcciones de madera ofrecen ventajas medioambientales debido a la naturaleza renovable de la madera, <br> contribuyendo a reducir las emisiones de carbono y fomentando pr\u00e1cticas de construcci\u00f3n respetuosas con el medio ambiente. \n\t\t\t\t\t\t\t<\/rs-layer><!--\n\n\t\t\t\t\t\t\t--><rs-layer\n\t\t\t\t\t\t\t\tid=\"slider-3-slide-13-layer-6\" \n\t\t\t\t\t\t\t\tdata-type=\"text\"\n\t\t\t\t\t\t\t\tdata-rsp_ch=\"on\"\n\t\t\t\t\t\t\t\tdata-xy=\"xo:0,0,0,4px;yo:283px,283px,283px,246px;\"\n\t\t\t\t\t\t\t\tdata-text=\"s:80,80,80,40;l:80,80,80,50;ls:-1px;fw:700;a:inherit;\"\n\t\t\t\t\t\t\t\tdata-frame_0=\"y:100%;\"\n\t\t\t\t\t\t\t\tdata-frame_1=\"e:power4.inOut;sp:2000;sR:10;\"\n\t\t\t\t\t\t\t\tdata-frame_999=\"o:0;st:w;sR:6990;\"\n\t\t\t\t\t\t\t\tstyle=\"z-index:8;font-family:'Poppins';\"\n\t\t\t\t\t\t\t>con el medio ambiente \n\t\t\t\t\t\t\t<\/rs-layer><!--\n-->\t\t\t\t\t\t<\/rs-slide>\n\t\t\t\t\t\t<rs-slide style=\"position: absolute;\" data-key=\"rs-12\" data-title=\"Slide\" data-thumb=\"\/\/gorsko-constructions.com\/wp-content\/uploads\/2024\/03\/gorsko_bg3-100x50.png\" data-anim=\"e:slidingoverlay;ms:2000;\" data-in=\"o:1;y:100%;\" data-out=\"a:false;\" data-alttrans=\"scaledownfrombottom\">\n\t\t\t\t\t\t\t<img decoding=\"async\" src=\"\/\/gorsko-constructions.com\/wp-content\/plugins\/revslider\/public\/assets\/assets\/dummy.png\" alt=\"\" title=\"gorsko_bg3\" width=\"1100\" height=\"817\" class=\"rev-slidebg tp-rs-img rs-lazyload\" data-lazyload=\"\/\/gorsko-constructions.com\/wp-content\/uploads\/2024\/03\/gorsko_bg3.png\" data-no-retina>\n<!--\n\t\t\t\t\t\t\t--><rs-layer\n\t\t\t\t\t\t\t\tid=\"slider-3-slide-12-layer-2\" \n\t\t\t\t\t\t\t\tdata-type=\"text\"\n\t\t\t\t\t\t\t\tdata-color=\"#f5b315\"\n\t\t\t\t\t\t\t\tdata-rsp_ch=\"on\"\n\t\t\t\t\t\t\t\tdata-xy=\"xo:18px,18px,18px,4px;yo:211px,211px,211px,192px;\"\n\t\t\t\t\t\t\t\tdata-text=\"s:60,60,60,40;l:60,60,60,50;ls:-1px;fw:700;a:inherit;\"\n\t\t\t\t\t\t\t\tdata-frame_0=\"y:100%;\"\n\t\t\t\t\t\t\t\tdata-frame_1=\"e:power4.inOut;sp:2000;sR:10;\"\n\t\t\t\t\t\t\t\tdata-frame_999=\"o:0;st:w;sR:6990;\"\n\t\t\t\t\t\t\t\tstyle=\"z-index:5;font-family:'Poppins';\"\n\t\t\t\t\t\t\t>Provisi\u00f3n de soluciones de \n\t\t\t\t\t\t\t<\/rs-layer><!--\n\n\t\t\t\t\t\t\t--><rs-layer\n\t\t\t\t\t\t\t\tid=\"slider-3-slide-12-layer-3\" \n\t\t\t\t\t\t\t\tdata-type=\"text\"\n\t\t\t\t\t\t\t\tdata-rsp_ch=\"on\"\n\t\t\t\t\t\t\t\tdata-xy=\"xo:22px,22px,22px,4px;yo:353px,353px,353px,306px;\"\n\t\t\t\t\t\t\t\tdata-text=\"s:18,18,18,14;l:30,30,30,26;ls:1px;fw:300;a:inherit;\"\n\t\t\t\t\t\t\t\tdata-frame_0=\"y:100%;\"\n\t\t\t\t\t\t\t\tdata-frame_1=\"e:power4.inOut;sp:2000;sR:10;\"\n\t\t\t\t\t\t\t\tdata-frame_999=\"o:0;st:w;sR:6990;\"\n\t\t\t\t\t\t\t\tstyle=\"z-index:6;font-family:'Rubik';\"\n\t\t\t\t\t\t\t>Las casas de madera ofrecen estilos flexibles f\u00e1cilmente personalizables para adaptarse <br>\na diferentes gustos y necesidades, garantizando que cada casa sea \u00fanica. \n\t\t\t\t\t\t\t<\/rs-layer><!--\n\n\t\t\t\t\t\t\t--><rs-layer\n\t\t\t\t\t\t\t\tid=\"slider-3-slide-12-layer-6\" \n\t\t\t\t\t\t\t\tdata-type=\"text\"\n\t\t\t\t\t\t\t\tdata-rsp_ch=\"on\"\n\t\t\t\t\t\t\t\tdata-xy=\"xo:17px,17px,17px,4px;yo:274px,274px,274px,246px;\"\n\t\t\t\t\t\t\t\tdata-text=\"s:65,65,65,40;l:70,70,70,50;ls:-1px;fw:700;a:inherit;\"\n\t\t\t\t\t\t\t\tdata-frame_0=\"y:100%;\"\n\t\t\t\t\t\t\t\tdata-frame_1=\"e:power4.inOut;sp:2000;sR:10;\"\n\t\t\t\t\t\t\t\tdata-frame_999=\"o:0;st:w;sR:6990;\"\n\t\t\t\t\t\t\t\tstyle=\"z-index:8;font-family:'Poppins';\"\n\t\t\t\t\t\t\t>construcci\u00f3n con madera \n\t\t\t\t\t\t\t<\/rs-layer><!--\n-->\t\t\t\t\t\t<\/rs-slide>\n\t\t\t\t\t<\/rs-slides>\n\t\t\t\t<\/rs-module>\n\t\t\t\t<script>\n\t\t\t\t\tsetREVStartSize({c: 'rev_slider_3_1',rl:[1240,1240,778,480],el:[695,695,960,720],gw:[1170,1170,778,480],gh:[695,695,960,720],type:'standard',justify:'',layout:'fullwidth',mh:\"0\"});if (window.RS_MODULES!==undefined && window.RS_MODULES.modules!==undefined && window.RS_MODULES.modules[\"revslider31\"]!==undefined) {window.RS_MODULES.modules[\"revslider31\"].once = false;window.revapi3 = undefined;if (window.RS_MODULES.checkMinimal!==undefined) window.RS_MODULES.checkMinimal()}\n\t\t\t\t<\/script>\n\t\t\t<\/rs-module-wrap>\n\t\t\t<!-- END REVOLUTION SLIDER -->\n\n\n\t\t<\/div>\n\t<\/div>\n<\/div><\/div><\/div><\/div><section data-vc-full-width=\"true\" data-vc-full-width-init=\"false\" class=\"vc_section vc_custom_1715115636000 vc_section-has-fill\"><div data-vc-full-width=\"true\" data-vc-full-width-init=\"false\" class=\"vc_row wpb_row vc_row-fluid vc_custom_1520069796826 vc_row-o-equal-height vc_row-o-content-middle vc_row-flex\"><div class=\"wpb_column vc_column_container vc_col-sm-5 vc_col-has-fill\"><div class=\"vc_column-inner vc_custom_1715115592102\"><div class=\"wpb_wrapper\"><h1 style=\"font-size: 37px;line-height: 46px;text-align: right\" class=\"vc_custom_heading vc_custom_1713082917279\" >desarrollo y producci\u00f3n de estructuras<br \/>\nde madera<\/h1><\/div><\/div><\/div><div class=\"wpb_column vc_column_container vc_col-sm-7\"><div class=\"vc_column-inner vc_custom_1715115612485\"><div class=\"wpb_wrapper\">\n\t<div class=\"wpb_text_column wpb_content_element  vc_custom_1713083174208\" >\n\t\t<div class=\"wpb_wrapper\">\n\t\t\t<p>El desarrollo y la producci\u00f3n de estructuras de madera se centran en el uso de madera de alta calidad, un dise\u00f1o innovador y una artesan\u00eda experta para crear edificios duraderos y visualmente atractivos.<\/p>\n\n\t\t<\/div>\n\t<\/div>\n<\/div><\/div><\/div><\/div><div class=\"vc_row-full-width vc_clearfix\"><\/div><\/section><div class=\"vc_row-full-width vc_clearfix\"><\/div><div data-vc-full-width=\"true\" data-vc-full-width-init=\"false\" data-vc-stretch-content=\"true\" class=\"vc_row wpb_row vc_row-fluid vc_custom_1521777325360 vc_row-has-fill vc_row-no-padding vc_row-o-equal-height vc_row-o-content-bottom vc_row-flex\"><div class=\"wpb_column vc_column_container vc_col-sm-6 vc_col-has-fill\"><div class=\"vc_column-inner vc_custom_1715113514493\"><div class=\"wpb_wrapper\"><h3 style=\"font-size: 24px;color: #ffffff;line-height: 40px;text-align: left\" class=\"vc_custom_heading font-weight-light wpb_animate_when_almost_visible wpb_left-to-right left-to-right vc_custom_1715112895556\" >Casas y edificios de viviendas de hasta 4 plantas.<\/h3><h3 style=\"font-size: 50px;color: #ffffff;line-height: 55px;text-align: left\" class=\"vc_custom_heading wpb_animate_when_almost_visible wpb_left-to-right left-to-right vc_custom_1715208487881\" >Construcciones de viviendas de madera<\/h3><div style=\"font-size: 18px;color: #ffffff;line-height: 28px;text-align: left\" class=\"vc_custom_heading font-weight-regular wpb_animate_when_almost_visible wpb_left-to-right left-to-right vc_custom_1715112146663\" >Construcci\u00f3n de hogares con madera, garantizando durabilidad, sostenibilidad y un medio ambiente sano.<\/div><\/div><\/div><\/div><div class=\"wpb_column vc_column_container vc_col-sm-6 vc_col-has-fill\"><div class=\"vc_column-inner vc_custom_1715113285313\"><div class=\"wpb_wrapper\"><h3 style=\"font-size: 24px;color: #ffffff;line-height: 40px;text-align: left\" class=\"vc_custom_heading font-weight-light wpb_animate_when_almost_visible wpb_right-to-left right-to-left vc_custom_1715113080585\" >Un proceso de construcci\u00f3n r\u00e1pido, que ahorra tiempo y costes.<\/h3><h3 style=\"font-size: 50px;color: #ffffff;line-height: 55px;text-align: left\" class=\"vc_custom_heading wpb_animate_when_almost_visible wpb_right-to-left right-to-left vc_custom_1715208493731\" >Construcciones industriales de madera<\/h3><div style=\"font-size: 18px;color: #ffffff;line-height: 28px;text-align: left\" class=\"vc_custom_heading font-weight-regular wpb_animate_when_almost_visible wpb_right-to-left right-to-left vc_custom_1715112570774\" >Ideales para almacenes y l\u00edneas de producci\u00f3n, ofreciendo soluciones duraderas y econ\u00f3micas.<\/div><\/div><\/div><\/div><\/div><div class=\"vc_row-full-width vc_clearfix\"><\/div><div data-vc-full-width=\"true\" data-vc-full-width-init=\"false\" class=\"vc_row wpb_row vc_row-fluid vc_custom_1715116087143 vc_row-has-fill vc_row-o-equal-height vc_row-o-content-top vc_row-flex\"><div class=\"wpb_column vc_column_container vc_col-sm-3\"><div class=\"vc_column-inner vc_custom_1520239720846\"><div class=\"wpb_wrapper\"><div style=\"text-align:left;font-size:44px;line-height:56px;color:#171c30;\" class=\"rt-counterup element-one home-one-counter-box-number\"  data-counterup-delay=\"100\" data-counterup-time=\"3000\">1.800<\/div><h4 style=\"font-size: 16px;color: #171c30;line-height: 25px;text-align: left\" class=\"vc_custom_heading home-one-counter-box-text vc_custom_1715114838756\" >PROYECTOS DE CONSTRUCCIONES<br \/>\nDE MADERA EJECUTADOS<\/h4><\/div><\/div><\/div><div class=\"wpb_column vc_column_container vc_col-sm-3\"><div class=\"vc_column-inner vc_custom_1520239770359\"><div class=\"wpb_wrapper\"><div style=\"text-align:left;font-size:44px;line-height:56px;color:#171c30;\" class=\"rt-counterup element-one home-one-counter-box-number\"  data-counterup-delay=\"100\" data-counterup-time=\"3000\">130.000<\/div><h4 style=\"font-size: 16px;color: #171c30;line-height: 25px;text-align: left\" class=\"vc_custom_heading home-one-counter-box-text vc_custom_1715114693719\" >METROS CUADRADOS<br \/>\nDE PROYECTOS CONSTRUIDOS<\/h4><\/div><\/div><\/div><div class=\"wpb_column vc_column_container vc_col-sm-3\"><div class=\"vc_column-inner vc_custom_1520239781378\"><div class=\"wpb_wrapper\"><div style=\"text-align:left;font-size:44px;line-height:56px;color:#171c30;\" class=\"rt-counterup element-one home-one-counter-box-number\"  data-counterup-delay=\"100\" data-counterup-time=\"3000\">12<\/div><h4 style=\"font-size: 16px;color: #171c30;line-height: 25px;text-align: left\" class=\"vc_custom_heading home-one-counter-box-text vc_custom_1715114873001\" >A\u00d1OS DE EXPERIENCIA EN<br \/>\nCONSTRUCCIONES DE MADERA<\/h4><\/div><\/div><\/div><div class=\"wpb_column vc_column_container vc_col-sm-3\"><div class=\"vc_column-inner vc_custom_1520239789860\"><div class=\"wpb_wrapper\"><div style=\"text-align:left;font-size:44px;line-height:56px;color:#171c30;\" class=\"rt-counterup element-one home-one-counter-box-number\"  data-counterup-delay=\"100\" data-counterup-time=\"3000\">8<\/div><h4 style=\"font-size: 16px;color: #171c30;line-height: 25px;text-align: left\" class=\"vc_custom_heading home-one-counter-box-text vc_custom_1715115275743\" >MERCADOS MERCADOS INTERNACIONALES CONFORMAN NUESTRO NEGOCIO<\/h4><\/div><\/div><\/div><\/div><div class=\"vc_row-full-width vc_clearfix\"><\/div>\n<\/div>","protected":false},"excerpt":{"rendered":"Gorsko Wooden Natural construction, which includes wooden buildings, creates conditions for comfortable and high-quality living. Constructions Eco-Friendly Wooden constructions offer environmental benefits due to the renewable nature of wood, contributing to lower carbon emissions and promoting eco-friendly building practices. Buidling Practices Providing Wooden Wooden homes offer flexible styles easily customized to suit different tastes and [...]","protected":false},"author":1,"featured_media":0,"parent":0,"menu_order":0,"comment_status":"closed","ping_status":"closed","template":"","meta":{"footnotes":""},"_links":{"self":[{"href":"https:\/\/gorsko-constructions.com\/es\/wp-json\/wp\/v2\/pages\/2"}],"collection":[{"href":"https:\/\/gorsko-constructions.com\/es\/wp-json\/wp\/v2\/pages"}],"about":[{"href":"https:\/\/gorsko-constructions.com\/es\/wp-json\/wp\/v2\/types\/page"}],"author":[{"embeddable":true,"href":"https:\/\/gorsko-constructions.com\/es\/wp-json\/wp\/v2\/users\/1"}],"replies":[{"embeddable":true,"href":"https:\/\/gorsko-constructions.com\/es\/wp-json\/wp\/v2\/comments?post=2"}],"version-history":[{"count":58,"href":"https:\/\/gorsko-constructions.com\/es\/wp-json\/wp\/v2\/pages\/2\/revisions"}],"predecessor-version":[{"id":3504,"href":"https:\/\/gorsko-constructions.com\/es\/wp-json\/wp\/v2\/pages\/2\/revisions\/3504"}],"wp:attachment":[{"href":"https:\/\/gorsko-constructions.com\/es\/wp-json\/wp\/v2\/media?parent=2"}],"curies":[{"name":"wp","href":"https:\/\/api.w.org\/{rel}","templated":true}]}}