{"id":419,"date":"2018-03-19T07:18:00","date_gmt":"2018-03-19T07:18:00","guid":{"rendered":"http:\/\/themes.radiantthemes.com\/constructionpress\/?page_id=419"},"modified":"2024-06-30T21:25:08","modified_gmt":"2024-06-30T21:25:08","slug":"gorsko-services","status":"publish","type":"page","link":"https:\/\/gorsko-constructions.com\/de\/gorsko-services\/","title":{"rendered":"Dienstleistungen"},"content":{"rendered":"<div class=\"wpb-content-wrapper\"><section data-vc-full-width=\"true\" data-vc-full-width-init=\"false\" class=\"vc_section vc_custom_1521461302789 vc_section-has-fill\"><div data-vc-full-width=\"true\" data-vc-full-width-init=\"false\" class=\"vc_row wpb_row vc_row-fluid vc_custom_1521535279484\"><div class=\"wpb_column vc_column_container vc_col-sm-12\"><div class=\"vc_column-inner vc_custom_1521461320441\"><div class=\"wpb_wrapper\"><h1 style=\"font-size: 35px;line-height: 45px;text-align: center\" class=\"vc_custom_heading font-weight-extrabold vc_custom_1714598409130\" >Lieferung von Holzbauten mit Montage<\/h1>\n\t<div class=\"wpb_text_column wpb_content_element  vc_custom_1714598434998\" >\n\t\t<div class=\"wpb_wrapper\">\n\t\t\t<p style=\"text-align: center;\"><span style=\"font-weight: 400;\">Unsere Dienstleistungen umfassen die Montage von Holzgeb\u00e4uden bis zur gew\u00fcnschten Phase.<\/span><\/p>\n\n\t\t<\/div>\n\t<\/div>\n<\/div><\/div><\/div><\/div><div class=\"vc_row-full-width vc_clearfix\"><\/div><div data-vc-full-width=\"true\" data-vc-full-width-init=\"false\" class=\"vc_row wpb_row vc_row-fluid vc_custom_1521535443613 vc_column-gap-30 vc_row-o-equal-height vc_row-flex\"><div class=\"wpb_animate_when_almost_visible wpb_zoomIn zoomIn wpb_column vc_column_container vc_col-sm-3 vc_col-has-fill\"><div class=\"vc_column-inner vc_custom_1521540963031\"><div class=\"wpb_wrapper\">\n\t<div  class=\"wpb_single_image wpb_content_element vc_align_center  vc_custom_1719782597580\">\n\t\t\n\t\t<figure class=\"wpb_wrapper vc_figure\">\n\t\t\t<div class=\"vc_single_image-wrapper   vc_box_border_grey\"><img loading=\"lazy\" decoding=\"async\" width=\"80\" height=\"80\" src=\"https:\/\/gorsko-constructions.com\/wp-content\/uploads\/2018\/03\/Building-Maintanance-Icon-2.png\" class=\"vc_single_image-img attachment-full\" alt=\"Building-Maintanance-Icon\" title=\"Building-Maintanance-Icon\" \/><\/div>\n\t\t<\/figure>\n\t<\/div>\n<h4 style=\"font-size: 20px;line-height: 30px;text-align: center\" class=\"vc_custom_heading font-weight-bold vc_custom_1714600017022\" >Fertigung<\/h4>\n\t<div class=\"wpb_text_column wpb_content_element  vc_custom_1714600030206\" >\n\t\t<div class=\"wpb_wrapper\">\n\t\t\t<p style=\"text-align: center;\"><span style=\"font-weight: 400;\">Fertigung von W\u00e4nden, Decken und Dachteilen in unserem Betrieb mit einzelnen Platten, wie z. B. 15-mm-OSB-Platten f\u00fcr Wandelemente und 22-mm-OSB-Platten f\u00fcr Deckenelemente.<\/span><\/p>\n\n\t\t<\/div>\n\t<\/div>\n<\/div><\/div><\/div><div class=\"wpb_animate_when_almost_visible wpb_zoomIn zoomIn wpb_column vc_column_container vc_col-sm-3 vc_col-has-fill\"><div class=\"vc_column-inner vc_custom_1521540968250\"><div class=\"wpb_wrapper\">\n\t<div  class=\"wpb_single_image wpb_content_element vc_align_center  vc_custom_1719782643536\">\n\t\t\n\t\t<figure class=\"wpb_wrapper vc_figure\">\n\t\t\t<div class=\"vc_single_image-wrapper   vc_box_border_grey\"><img loading=\"lazy\" decoding=\"async\" width=\"58\" height=\"59\" src=\"https:\/\/gorsko-constructions.com\/wp-content\/uploads\/2018\/03\/rocket.png\" class=\"vc_single_image-img attachment-full\" alt=\"\" title=\"rocket\" \/><\/div>\n\t\t<\/figure>\n\t<\/div>\n<h4 style=\"font-size: 20px;line-height: 30px;text-align: center\" class=\"vc_custom_heading font-weight-bold vc_custom_1714600049361\" >Transport<\/h4>\n\t<div class=\"wpb_text_column wpb_content_element  vc_custom_1714600222029\" >\n\t\t<div class=\"wpb_wrapper\">\n\t\t\t<p style=\"text-align: center;\"><span style=\"font-weight: 400;\">Transport von Wand- oder anderen Bauteilen auf die Baustelle. Dazu geh\u00f6rt das Verladen der vorgefertigten Materialien auf spezielle Fahrzeuge, mit denen die sichere Handhabung solcher Gr\u00f6\u00dfen und Gewichte m\u00f6glich ist.<\/span><\/p>\n\n\t\t<\/div>\n\t<\/div>\n<\/div><\/div><\/div><div class=\"wpb_animate_when_almost_visible wpb_zoomIn zoomIn wpb_column vc_column_container vc_col-sm-3 vc_col-has-fill\"><div class=\"vc_column-inner vc_custom_1521540974603\"><div class=\"wpb_wrapper\">\n\t<div  class=\"wpb_single_image wpb_content_element vc_align_center  vc_custom_1719782672014\">\n\t\t\n\t\t<figure class=\"wpb_wrapper vc_figure\">\n\t\t\t<div class=\"vc_single_image-wrapper   vc_box_border_grey\"><img loading=\"lazy\" decoding=\"async\" width=\"80\" height=\"80\" src=\"https:\/\/gorsko-constructions.com\/wp-content\/uploads\/2018\/03\/Isolation-Icon.png\" class=\"vc_single_image-img attachment-full\" alt=\"Isolation-Icon\" title=\"Isolation-Icon\" \/><\/div>\n\t\t<\/figure>\n\t<\/div>\n<h4 style=\"font-size: 20px;line-height: 30px;text-align: center\" class=\"vc_custom_heading font-weight-bold vc_custom_1714600076698\" >Montage<\/h4>\n\t<div class=\"wpb_text_column wpb_content_element  vc_custom_1714600433693\" >\n\t\t<div class=\"wpb_wrapper\">\n\t\t\t<p style=\"text-align: center;\">Zur Montage vor Ort geh\u00f6rt das Aufstellen der W\u00e4nde und Decken sowie das Dachdecken; jede Komponente wird mit Hinblick auf Erf\u00fcllung der h\u00f6chsten Standards in Langlebigkeit und Funktionalit\u00e4t zusammengebaut.<\/p>\n\n\t\t<\/div>\n\t<\/div>\n<\/div><\/div><\/div><div class=\"wpb_animate_when_almost_visible wpb_zoomIn zoomIn wpb_column vc_column_container vc_col-sm-3 vc_col-has-fill\"><div class=\"vc_column-inner vc_custom_1714599383123\"><div class=\"wpb_wrapper\">\n\t<div  class=\"wpb_single_image wpb_content_element vc_align_center  vc_custom_1719782703303\">\n\t\t\n\t\t<figure class=\"wpb_wrapper vc_figure\">\n\t\t\t<div class=\"vc_single_image-wrapper   vc_box_border_grey\"><img loading=\"lazy\" decoding=\"async\" width=\"80\" height=\"80\" src=\"https:\/\/gorsko-constructions.com\/wp-content\/uploads\/2018\/03\/Exterior-Design-Icon.png\" class=\"vc_single_image-img attachment-full\" alt=\"Exterior-Design-Icon\" title=\"Exterior-Design-Icon\" \/><\/div>\n\t\t<\/figure>\n\t<\/div>\n<h4 style=\"font-size: 20px;line-height: 30px;text-align: center\" class=\"vc_custom_heading font-weight-bold vc_custom_1714600255634\" >Zusatzaufgaben<\/h4>\n\t<div class=\"wpb_text_column wpb_content_element  vc_custom_1714601407054\" >\n\t\t<div class=\"wpb_wrapper\">\n\t\t\t<p style=\"text-align: center;\"><span style=\"font-weight: 400;\">Zusatzaufgaben wie Dachdecken, Blecharbeiten, Isolierung und Fassadenabschluss werden je nach Projektanforderungen und W\u00fcnschen der Kundschaft angegangen.<\/span><\/p>\n\n\t\t<\/div>\n\t<\/div>\n<\/div><\/div><\/div><\/div><div class=\"vc_row-full-width vc_clearfix\"><\/div><\/section><div class=\"vc_row-full-width vc_clearfix\"><\/div><div data-vc-full-width=\"true\" data-vc-full-width-init=\"false\" data-vc-stretch-content=\"true\" class=\"vc_row wpb_row vc_row-fluid vc_custom_1521537650760 vc_row-no-padding vc_row-o-equal-height vc_row-o-content-bottom vc_row-flex\"><div class=\"wpb_column vc_column_container vc_col-sm-7 vc_col-has-fill\"><div class=\"vc_column-inner vc_custom_1715036795938\"><div class=\"wpb_wrapper\"><h3 style=\"font-size: 40px;color: #ffffff;line-height: 46px;text-align: left\" class=\"vc_custom_heading font-weight-extrabold vc_custom_1714601166224\" >Beratung und Schulung durch Fachleute<\/h3><h3 style=\"font-size: 40px;color: #fdbe21;line-height: 46px;text-align: left\" class=\"vc_custom_heading font-weight-extrabold vc_custom_1714601171950\" >der Holzbranche<\/h3><div style=\"font-size: 18px;color: #ffffff;line-height: 28px;text-align: left\" class=\"vc_custom_heading font-weight-regular vc_custom_1714601207187\" >Wir bieten Beratungs- und Schulungsdienstleistungen, die ganz auf die Holzbranche zugeschnitten sind. Unsere Fachleute leiten Sie in verschiedenen Bereichen des Holzbaus an, die vom Design bis zur Wartung reichen. Mit personalisierter Beratung helfen wir unserer Kundschaft auf dem Weg durch komplexe Projekte.<\/div><\/div><\/div><\/div><div class=\"wpb_column vc_column_container vc_col-sm-5 vc_col-has-fill\"><div class=\"vc_column-inner vc_custom_1521536979434\"><div class=\"wpb_wrapper\"><h3 style=\"font-size: 35px;color: #ffffff;line-height: 50px;text-align: left\" class=\"vc_custom_heading font-weight-light vc_custom_1714601342006\" >Schulung zum Hausbau<\/h3>\n\t<div class=\"wpb_text_column wpb_content_element  vc_custom_1714601558758\" >\n\t\t<div class=\"wpb_wrapper\">\n\t\t\t<p><span style=\"color: #cfd1d3;\">Neben Beratung und Schulungen bietet Gorsko spezialisierte Schulungsprogramme f\u00fcr Arbeitskr\u00e4fte in verschiedenen Sektoren.<\/span><\/p>\n<p>&nbsp;<\/p>\n<p><span style=\"color: #cfd1d3;\">Diese Programme sind darauf ausgelegt, Arbeitskr\u00e4fte mit den zum selbst\u00e4ndigen Bau von H\u00e4usern n\u00f6tigen Kenntnissen und F\u00e4higkeiten mit Hilfe der vorbereiteten Bauteile von Gorsko auszustatten.<\/span><\/p>\n<p>&nbsp;<\/p>\n<p><span style=\"color: #cfd1d3;\">Durch praxisnahe Schulungen und umfassende Unterweisung k\u00f6nnen Arbeitskr\u00e4fte das Fachwissen entwickeln und ausbauen, das sie zum effizienten Abschluss ihrer Projekte ben\u00f6tigen.<\/span><\/p>\n\n\t\t<\/div>\n\t<\/div>\n<\/div><\/div><\/div><\/div><div class=\"vc_row-full-width vc_clearfix\"><\/div><div class=\"vc_row wpb_row vc_row-fluid\"><div class=\"wpb_column vc_column_container vc_col-sm-12\"><div class=\"vc_column-inner\"><div class=\"wpb_wrapper\">\n<div class=\"vc-zigzag-wrapper vc-zigzag-align-center\"><div class=\"vc-zigzag-inner\" style=\"width: 100%;min-height: 14px;background: 0 repeat-x url(&#039;data:image\/svg+xml;utf-8,%3C%3Fxml%20version%3D%221.0%22%20encoding%3D%22utf-8%22%3F%3E%3C%21DOCTYPE%20svg%20PUBLIC%20%22-%2F%2FW3C%2F%2FDTD%20SVG%201.1%2F%2FEN%22%20%22http%3A%2F%2Fwww.w3.org%2FGraphics%2FSVG%2F1.1%2FDTD%2Fsvg11.dtd%22%3E%3Csvg%20width%3D%2214px%22%20height%3D%2212px%22%20viewBox%3D%220%200%2018%2015%22%20version%3D%221.1%22%20xmlns%3D%22http%3A%2F%2Fwww.w3.org%2F2000%2Fsvg%22%20xmlns%3Axlink%3D%22http%3A%2F%2Fwww.w3.org%2F1999%2Fxlink%22%3E%3Cpolygon%20id%3D%22Combined-Shape%22%20fill%3D%22%23ffffff%22%20points%3D%228.98762301%200%200%209.12771969%200%2014.519983%209%205.40479869%2018%2014.519983%2018%209.12771969%22%3E%3C%2Fpolygon%3E%3C%2Fsvg%3E&#039;);\"><\/div><\/div><\/div><\/div><\/div><\/div>\n<\/div>","protected":false},"excerpt":{"rendered":"Delivery Wooden Structures with Assembly Services include the assembly of wooden house structures up to the desired phase. Fabrication Fabrication of walls, ceilings, and roof components within our workshop using single panels, such as 15mm OSB panels for wall elements and 22mm OSB panels for ceiling elements. Transportation Transportation of wall and other structural components [...]","protected":false},"author":1,"featured_media":0,"parent":0,"menu_order":0,"comment_status":"closed","ping_status":"closed","template":"","meta":{"footnotes":""},"_links":{"self":[{"href":"https:\/\/gorsko-constructions.com\/de\/wp-json\/wp\/v2\/pages\/419"}],"collection":[{"href":"https:\/\/gorsko-constructions.com\/de\/wp-json\/wp\/v2\/pages"}],"about":[{"href":"https:\/\/gorsko-constructions.com\/de\/wp-json\/wp\/v2\/types\/page"}],"author":[{"embeddable":true,"href":"https:\/\/gorsko-constructions.com\/de\/wp-json\/wp\/v2\/users\/1"}],"replies":[{"embeddable":true,"href":"https:\/\/gorsko-constructions.com\/de\/wp-json\/wp\/v2\/comments?post=419"}],"version-history":[{"count":33,"href":"https:\/\/gorsko-constructions.com\/de\/wp-json\/wp\/v2\/pages\/419\/revisions"}],"predecessor-version":[{"id":3516,"href":"https:\/\/gorsko-constructions.com\/de\/wp-json\/wp\/v2\/pages\/419\/revisions\/3516"}],"wp:attachment":[{"href":"https:\/\/gorsko-constructions.com\/de\/wp-json\/wp\/v2\/media?parent=419"}],"curies":[{"name":"wp","href":"https:\/\/api.w.org\/{rel}","templated":true}]}}