{"id":2379,"date":"2018-03-31T08:31:57","date_gmt":"2018-03-31T08:31:57","guid":{"rendered":"https:\/\/gorsko-constructions.com\/?page_id=2379"},"modified":"2024-05-26T13:21:44","modified_gmt":"2024-05-26T13:21:44","slug":"featured-projects","status":"publish","type":"page","link":"https:\/\/gorsko-constructions.com\/de\/featured-projects\/","title":{"rendered":"Vorgestellte Projekte"},"content":{"rendered":"<div class=\"wpb-content-wrapper\"><section data-vc-full-width=\"true\" data-vc-full-width-init=\"false\" class=\"vc_section vc_custom_1521461302789 vc_section-has-fill\"><div data-vc-full-width=\"true\" data-vc-full-width-init=\"false\" class=\"vc_row wpb_row vc_row-fluid vc_custom_1521535279484\"><div class=\"wpb_column vc_column_container vc_col-sm-12\"><div class=\"vc_column-inner vc_custom_1521461320441\"><div class=\"wpb_wrapper\"><h1 style=\"font-size: 35px;line-height: 45px;text-align: center\" class=\"vc_custom_heading font-weight-extrabold vc_custom_1715206407731\" >Vorgestellte Projekte und Referenzen<\/h1><\/div><\/div><\/div><\/div><div class=\"vc_row-full-width vc_clearfix\"><\/div><\/section><div class=\"vc_row-full-width vc_clearfix\"><\/div><div data-vc-full-width=\"true\" data-vc-full-width-init=\"false\" class=\"vc_row wpb_row vc_row-fluid vc_custom_1715206490402 vc_row-has-fill\"><div class=\"wpb_column vc_column_container vc_col-sm-6\"><div class=\"vc_column-inner vc_custom_1521538945666\"><div class=\"wpb_wrapper\"><h3 style=\"font-size: 28px;line-height: 45px;text-align: left\" class=\"vc_custom_heading font-weight-extrabold vc_custom_1715206710898\" >Betriebsgeb\u00e4ude (440 m\u00b2)<\/h3>\n\t<div class=\"wpb_text_column wpb_content_element  vc_custom_1715206363189\" >\n\t\t<div class=\"wpb_wrapper\">\n\t\t\t<p><span style=\"font-weight: 400;\">2018 bauten wir ein B\u00fcrogeb\u00e4ude in Slowenien mit einer Gesamtfl\u00e4che von 440 m\u00b2 \u00fcber zwei Etagen mit jeweils etwa 220 m\u00b2. Das Projekt schloss statische Berechnungen und Arbeitsraumpl\u00e4ne ein.<\/span><\/p>\n<p><span style=\"font-weight: 400;\">Das Tragwerk des Geb\u00e4udes besteht aus zusammengeklebtem Holz, und die Isolierung wurde mit Steinwolle bewerkstelligt. Die Fassade verf\u00fcgt \u00fcber eine Kontaktoberfl\u00e4che, an der vertikale L\u00e4rchenholzlatten im oberen Stockwerk aus \u00e4sthetischen und funktionalen Gr\u00fcnden zus\u00e4tzlich angebracht wurden.<\/span><\/p>\n\n\t\t<\/div>\n\t<\/div>\n<\/div><\/div><\/div><div class=\"wpb_column vc_column_container vc_col-sm-6\"><div class=\"vc_column-inner vc_custom_1521538959754\"><div class=\"wpb_wrapper\">\n\t<div  class=\"wpb_single_image wpb_content_element vc_align_center  vc_custom_1715206336787\">\n\t\t\n\t\t<figure class=\"wpb_wrapper vc_figure\">\n\t\t\t<div class=\"vc_single_image-wrapper   vc_box_border_grey\"><img loading=\"lazy\" decoding=\"async\" width=\"1200\" height=\"617\" src=\"https:\/\/gorsko-constructions.com\/wp-content\/uploads\/2024\/05\/1710877087676.jpeg\" class=\"vc_single_image-img attachment-full\" alt=\"\" title=\"1710877087676\" srcset=\"https:\/\/gorsko-constructions.com\/wp-content\/uploads\/2024\/05\/1710877087676.jpeg 1200w, https:\/\/gorsko-constructions.com\/wp-content\/uploads\/2024\/05\/1710877087676-300x154.jpeg 300w, https:\/\/gorsko-constructions.com\/wp-content\/uploads\/2024\/05\/1710877087676-1024x527.jpeg 1024w, https:\/\/gorsko-constructions.com\/wp-content\/uploads\/2024\/05\/1710877087676-768x395.jpeg 768w, https:\/\/gorsko-constructions.com\/wp-content\/uploads\/2024\/05\/1710877087676-18x9.jpeg 18w\" sizes=\"(max-width: 1200px) 100vw, 1200px\" \/><\/div>\n\t\t<\/figure>\n\t<\/div>\n<\/div><\/div><\/div><\/div><div class=\"vc_row-full-width vc_clearfix\"><\/div><div data-vc-full-width=\"true\" data-vc-full-width-init=\"false\" class=\"vc_row wpb_row vc_row-fluid vc_custom_1715206490402 vc_row-has-fill\"><div class=\"wpb_column vc_column_container vc_col-sm-6\"><div class=\"vc_column-inner vc_custom_1521538945666\"><div class=\"wpb_wrapper\"><h3 style=\"font-size: 28px;line-height: 45px;text-align: left\" class=\"vc_custom_heading font-weight-extrabold vc_custom_1715206716580\" >Holzlager (1.814 m\u00b2)<\/h3>\n\t<div class=\"wpb_text_column wpb_content_element  vc_custom_1715206563623\" >\n\t\t<div class=\"wpb_wrapper\">\n\t\t\t<p><b>I<\/b><span style=\"font-weight: 400;\">2021 beendeten wir den Bau einer Einrichtung in Slowenien, bei der wir in allen Phasen von Planung und statischen Berechnungen bis Fertigung und Zusammenbau beteiligt waren. Das Geb\u00e4ude verf\u00fcgt \u00fcber eine Grundfl\u00e4che von 16,8 x 54 Metern, etwa 907 m\u00b2 pro Etage und insgesamt 1.814 m\u00b2 auf zwei Etagen. Durch das Design sind eine Vielzahl von Nutzungsm\u00f6glichkeiten und viel Platz f\u00fcr Betrieb und B\u00fcros gegeben.<\/span><\/p>\n\n\t\t<\/div>\n\t<\/div>\n<\/div><\/div><\/div><div class=\"wpb_column vc_column_container vc_col-sm-6\"><div class=\"vc_column-inner vc_custom_1521538959754\"><div class=\"wpb_wrapper\">\n\t<div  class=\"wpb_single_image wpb_content_element vc_align_center  vc_custom_1715206669604\">\n\t\t\n\t\t<figure class=\"wpb_wrapper vc_figure\">\n\t\t\t<div class=\"vc_single_image-wrapper   vc_box_border_grey\"><img loading=\"lazy\" decoding=\"async\" width=\"1200\" height=\"799\" src=\"https:\/\/gorsko-constructions.com\/wp-content\/uploads\/2024\/05\/3BRICKS_2021_2-2.jpg\" class=\"vc_single_image-img attachment-full\" alt=\"\" title=\"3BRICKS_2021_2 (2)\" srcset=\"https:\/\/gorsko-constructions.com\/wp-content\/uploads\/2024\/05\/3BRICKS_2021_2-2.jpg 1200w, https:\/\/gorsko-constructions.com\/wp-content\/uploads\/2024\/05\/3BRICKS_2021_2-2-300x200.jpg 300w, https:\/\/gorsko-constructions.com\/wp-content\/uploads\/2024\/05\/3BRICKS_2021_2-2-1024x682.jpg 1024w, https:\/\/gorsko-constructions.com\/wp-content\/uploads\/2024\/05\/3BRICKS_2021_2-2-768x511.jpg 768w, https:\/\/gorsko-constructions.com\/wp-content\/uploads\/2024\/05\/3BRICKS_2021_2-2-18x12.jpg 18w\" sizes=\"(max-width: 1200px) 100vw, 1200px\" \/><\/div>\n\t\t<\/figure>\n\t<\/div>\n<\/div><\/div><\/div><\/div><div class=\"vc_row-full-width vc_clearfix\"><\/div><div data-vc-full-width=\"true\" data-vc-full-width-init=\"false\" class=\"vc_row wpb_row vc_row-fluid vc_custom_1715206490402 vc_row-has-fill\"><div class=\"wpb_column vc_column_container vc_col-sm-6\"><div class=\"vc_column-inner vc_custom_1521538945666\"><div class=\"wpb_wrapper\"><h3 style=\"font-size: 28px;line-height: 45px;text-align: left\" class=\"vc_custom_heading font-weight-extrabold vc_custom_1716729701152\" >Residential house (150sqm2)<\/h3>\n\t<div class=\"wpb_text_column wpb_content_element  vc_custom_1715206782353\" >\n\t\t<div class=\"wpb_wrapper\">\n\t\t\t<p><span style=\"font-weight: 400;\">Dieses 2021 erbaute Wohnhaus erstreckt sich \u00fcber ca. 150 m\u00b2 nutzbare Wohnfl\u00e4che. Die Architektur wartet auf mit einem tragf\u00e4higen Holzrahmentragwerk, das ein nat\u00fcrliches, starkes Fundament bildet. Au\u00dfen ist es elegant mit Zementfaserplatten abgedeckt, die eine moderne, langlebige Fassade bieten, welche die Holzkonstruktion sch\u00f6n erg\u00e4nzt.<\/span><\/p>\n\n\t\t<\/div>\n\t<\/div>\n<\/div><\/div><\/div><div class=\"wpb_column vc_column_container vc_col-sm-6\"><div class=\"vc_column-inner vc_custom_1521538959754\"><div class=\"wpb_wrapper\">\n\t<div  class=\"wpb_single_image wpb_content_element vc_align_center  vc_custom_1715206865005\">\n\t\t\n\t\t<figure class=\"wpb_wrapper vc_figure\">\n\t\t\t<div class=\"vc_single_image-wrapper   vc_box_border_grey\"><img loading=\"lazy\" decoding=\"async\" width=\"1200\" height=\"654\" src=\"https:\/\/gorsko-constructions.com\/wp-content\/uploads\/2024\/05\/1710877974105549.jpeg.png\" class=\"vc_single_image-img attachment-full\" alt=\"\" title=\"1710877974105549.jpeg\" srcset=\"https:\/\/gorsko-constructions.com\/wp-content\/uploads\/2024\/05\/1710877974105549.jpeg.png 1200w, https:\/\/gorsko-constructions.com\/wp-content\/uploads\/2024\/05\/1710877974105549.jpeg-300x164.png 300w, https:\/\/gorsko-constructions.com\/wp-content\/uploads\/2024\/05\/1710877974105549.jpeg-1024x558.png 1024w, https:\/\/gorsko-constructions.com\/wp-content\/uploads\/2024\/05\/1710877974105549.jpeg-768x419.png 768w, https:\/\/gorsko-constructions.com\/wp-content\/uploads\/2024\/05\/1710877974105549.jpeg-18x10.png 18w\" sizes=\"(max-width: 1200px) 100vw, 1200px\" \/><\/div>\n\t\t<\/figure>\n\t<\/div>\n<\/div><\/div><\/div><\/div><div class=\"vc_row-full-width vc_clearfix\"><\/div><div data-vc-full-width=\"true\" data-vc-full-width-init=\"false\" class=\"vc_row wpb_row vc_row-fluid vc_custom_1715206490402 vc_row-has-fill\"><div class=\"wpb_column vc_column_container vc_col-sm-6\"><div class=\"vc_column-inner vc_custom_1521538945666\"><div class=\"wpb_wrapper\"><h3 style=\"font-size: 28px;line-height: 45px;text-align: left\" class=\"vc_custom_heading font-weight-extrabold vc_custom_1715206878255\" >Modernes Haus (250 m\u00b2)<\/h3>\n\t<div class=\"wpb_text_column wpb_content_element  vc_custom_1715206890626\" >\n\t\t<div class=\"wpb_wrapper\">\n\t\t\t<p><span style=\"font-weight: 400;\">Dieses 2023 errichtete Haus verf\u00fcgt \u00fcber 250 m\u00b2 Nutzfl\u00e4che auf zwei Etagen. Das Tragwerk besteht haupts\u00e4chlich aus einem Holzrahmen, der durch massive Balken in Kernbereichen zus\u00e4tzliche St\u00fctzen erh\u00e4lt. Wir haben uns f\u00fcr nat\u00fcrliche Materialien bei der Isolierung entschieden, um die Energieeffizienz des Hauses noch weiter zu erh\u00f6hen. Das Haus hat hohe Decken, die in manchen Bereichen bis zu 6 Meter hoch reichen, sowie gro\u00dfe Fenster, die viel nat\u00fcrliches Licht einfallen lassen und die R\u00e4ume noch gr\u00f6\u00dfer wirken lassen.<\/span><\/p>\n\n\t\t<\/div>\n\t<\/div>\n<\/div><\/div><\/div><div class=\"wpb_column vc_column_container vc_col-sm-6\"><div class=\"vc_column-inner vc_custom_1521538959754\"><div class=\"wpb_wrapper\">\n\t<div  class=\"wpb_single_image wpb_content_element vc_align_center  vc_custom_1715206937318\">\n\t\t\n\t\t<figure class=\"wpb_wrapper vc_figure\">\n\t\t\t<div class=\"vc_single_image-wrapper   vc_box_border_grey\"><img loading=\"lazy\" decoding=\"async\" width=\"2560\" height=\"1920\" src=\"https:\/\/gorsko-constructions.com\/wp-content\/uploads\/2024\/05\/1710878344981-scaled.jpeg\" class=\"vc_single_image-img attachment-full\" alt=\"\" title=\"1710878344981\" srcset=\"https:\/\/gorsko-constructions.com\/wp-content\/uploads\/2024\/05\/1710878344981-scaled.jpeg 2560w, https:\/\/gorsko-constructions.com\/wp-content\/uploads\/2024\/05\/1710878344981-300x225.jpeg 300w, https:\/\/gorsko-constructions.com\/wp-content\/uploads\/2024\/05\/1710878344981-1024x768.jpeg 1024w, https:\/\/gorsko-constructions.com\/wp-content\/uploads\/2024\/05\/1710878344981-768x576.jpeg 768w, https:\/\/gorsko-constructions.com\/wp-content\/uploads\/2024\/05\/1710878344981-1536x1152.jpeg 1536w, https:\/\/gorsko-constructions.com\/wp-content\/uploads\/2024\/05\/1710878344981-2048x1536.jpeg 2048w, https:\/\/gorsko-constructions.com\/wp-content\/uploads\/2024\/05\/1710878344981-16x12.jpeg 16w\" sizes=\"(max-width: 2560px) 100vw, 2560px\" \/><\/div>\n\t\t<\/figure>\n\t<\/div>\n<\/div><\/div><\/div><\/div><div class=\"vc_row-full-width vc_clearfix\"><\/div><div data-vc-full-width=\"true\" data-vc-full-width-init=\"false\" class=\"vc_row wpb_row vc_row-fluid vc_custom_1715206490402 vc_row-has-fill\"><div class=\"wpb_column vc_column_container vc_col-sm-6\"><div class=\"vc_column-inner vc_custom_1521538945666\"><div class=\"wpb_wrapper\"><h3 style=\"font-size: 28px;line-height: 45px;text-align: left\" class=\"vc_custom_heading font-weight-extrabold vc_custom_1715206957249\" >\u00d6ffentliches Geb\u00e4ude (430 m\u00b2)<\/h3>\n\t<div class=\"wpb_text_column wpb_content_element  vc_custom_1715206969542\" >\n\t\t<div class=\"wpb_wrapper\">\n\t\t\t<p><span style=\"font-weight: 400;\">2019 schlossen wir den Bau einer \u00f6ffentlichen Einrichtung ab, die sich \u00fcber 430 m\u00b2 auf zwei Etagen erstreckt. Das Tragwerk des Geb\u00e4udes besteht aus einem robusten Holzrahmen; die Decken und das Dach sind aus kreuzweise verklebten Brettsperrholzplatten gefertigt, die sowohl f\u00fcr Robustheit als auch eine ansprechende \u00c4sthetik sorgen. Bei der Isolierung haben wir uns im Sinne unseres Engagements f\u00fcr Nachhaltigkeit und Umweltverantwortung f\u00fcr nat\u00fcrliche Holzfaser entschieden. Die Fassade besitzt ein wundersch\u00f6nes Finish aus L\u00e4rchenholz.<\/span><\/p>\n\n\t\t<\/div>\n\t<\/div>\n<\/div><\/div><\/div><div class=\"wpb_column vc_column_container vc_col-sm-6\"><div class=\"vc_column-inner vc_custom_1521538959754\"><div class=\"wpb_wrapper\">\n\t<div  class=\"wpb_single_image wpb_content_element vc_align_center  vc_custom_1715206997706\">\n\t\t\n\t\t<figure class=\"wpb_wrapper vc_figure\">\n\t\t\t<div class=\"vc_single_image-wrapper   vc_box_border_grey\"><img loading=\"lazy\" decoding=\"async\" width=\"1500\" height=\"1000\" src=\"https:\/\/gorsko-constructions.com\/wp-content\/uploads\/2024\/05\/1710879002565.jpeg\" class=\"vc_single_image-img attachment-full\" alt=\"\" title=\"1710879002565\" srcset=\"https:\/\/gorsko-constructions.com\/wp-content\/uploads\/2024\/05\/1710879002565.jpeg 1500w, https:\/\/gorsko-constructions.com\/wp-content\/uploads\/2024\/05\/1710879002565-300x200.jpeg 300w, https:\/\/gorsko-constructions.com\/wp-content\/uploads\/2024\/05\/1710879002565-1024x683.jpeg 1024w, https:\/\/gorsko-constructions.com\/wp-content\/uploads\/2024\/05\/1710879002565-768x512.jpeg 768w, https:\/\/gorsko-constructions.com\/wp-content\/uploads\/2024\/05\/1710879002565-18x12.jpeg 18w\" sizes=\"(max-width: 1500px) 100vw, 1500px\" \/><\/div>\n\t\t<\/figure>\n\t<\/div>\n<\/div><\/div><\/div><\/div><div class=\"vc_row-full-width vc_clearfix\"><\/div><div data-vc-full-width=\"true\" data-vc-full-width-init=\"false\" class=\"vc_row wpb_row vc_row-fluid vc_custom_1715206490402 vc_row-has-fill\"><div class=\"wpb_column vc_column_container vc_col-sm-6\"><div class=\"vc_column-inner vc_custom_1521538945666\"><div class=\"wpb_wrapper\"><h3 style=\"font-size: 28px;line-height: 45px;text-align: left\" class=\"vc_custom_heading font-weight-extrabold vc_custom_1715207133599\" >Modulare Einheiten (Familienh\u00e4user oder Apartmentgeb\u00e4ude)<\/h3>\n\t<div class=\"wpb_text_column wpb_content_element  vc_custom_1715207149018\" >\n\t\t<div class=\"wpb_wrapper\">\n\t\t\t<p><span style=\"font-weight: 400;\">Unser Unternehmen hat sich auf Design und Fertigung modularer Einheiten zum Bau von Einfamilienh\u00e4usern und Apartmentgeb\u00e4uden spezialisiert; diese eignen sich f\u00fcr eine Vielzahl von Nutzungsm\u00f6glichkeiten, darunter Familien, Arbeitskr\u00e4fte, B\u00fcros, Gesch\u00e4fte, Studierende und Personen im Ruhestand. Unsere Geb\u00e4ude haben ein bis mehrere Etagen bis zu vier Stockwerken oder mehr. Im Sinne unseres Engagements f\u00fcr Nachhaltigkeit und gr\u00fcne Baunormen setzen wir auf hochwertige Holztragwerke und nat\u00fcrliche Holzfaserisolierung.<\/span><\/p>\n\n\t\t<\/div>\n\t<\/div>\n<\/div><\/div><\/div><div class=\"wpb_column vc_column_container vc_col-sm-6\"><div class=\"vc_column-inner vc_custom_1521538959754\"><div class=\"wpb_wrapper\">\n\t<div  class=\"wpb_single_image wpb_content_element vc_align_center  vc_custom_1715207314835\">\n\t\t\n\t\t<figure class=\"wpb_wrapper vc_figure\">\n\t\t\t<div class=\"vc_single_image-wrapper   vc_box_border_grey\"><img loading=\"lazy\" decoding=\"async\" width=\"2560\" height=\"1920\" src=\"https:\/\/gorsko-constructions.com\/wp-content\/uploads\/2024\/05\/1710879884381-scaled.jpeg\" class=\"vc_single_image-img attachment-full\" alt=\"\" title=\"1710879884381\" srcset=\"https:\/\/gorsko-constructions.com\/wp-content\/uploads\/2024\/05\/1710879884381-scaled.jpeg 2560w, https:\/\/gorsko-constructions.com\/wp-content\/uploads\/2024\/05\/1710879884381-300x225.jpeg 300w, https:\/\/gorsko-constructions.com\/wp-content\/uploads\/2024\/05\/1710879884381-1024x768.jpeg 1024w, https:\/\/gorsko-constructions.com\/wp-content\/uploads\/2024\/05\/1710879884381-768x576.jpeg 768w, https:\/\/gorsko-constructions.com\/wp-content\/uploads\/2024\/05\/1710879884381-1536x1152.jpeg 1536w, https:\/\/gorsko-constructions.com\/wp-content\/uploads\/2024\/05\/1710879884381-2048x1536.jpeg 2048w, https:\/\/gorsko-constructions.com\/wp-content\/uploads\/2024\/05\/1710879884381-16x12.jpeg 16w\" sizes=\"(max-width: 2560px) 100vw, 2560px\" \/><\/div>\n\t\t<\/figure>\n\t<\/div>\n<\/div><\/div><\/div><\/div><div class=\"vc_row-full-width vc_clearfix\"><\/div><div data-vc-full-width=\"true\" data-vc-full-width-init=\"false\" class=\"vc_row wpb_row vc_row-fluid vc_custom_1715206490402 vc_row-has-fill\"><div class=\"wpb_column vc_column_container vc_col-sm-6\"><div class=\"vc_column-inner vc_custom_1521538945666\"><div class=\"wpb_wrapper\"><h3 style=\"font-size: 28px;line-height: 45px;text-align: left\" class=\"vc_custom_heading font-weight-extrabold vc_custom_1715207043691\" >\u00d6ffentliche Einrichtung - Kindergarten (2.248 m\u00b2)<\/h3>\n\t<div class=\"wpb_text_column wpb_content_element  vc_custom_1715207058805\" >\n\t\t<div class=\"wpb_wrapper\">\n\t\t\t<p><span style=\"font-weight: 400;\">2019 stellten wir eine zweist\u00f6ckige \u00f6ffentliche Einrichtung mit einer Gesamtfl\u00e4che von 2.248 m\u00b2 fertig. Das Fundament dieses Geb\u00e4ude stellt ein Holzrahmentragwerk dar, das aufgrund seiner Langlebigkeit und Umweltfreundlichkeit ausgew\u00e4hlt wurde. Zur Erh\u00f6hung der Energieeffizienz und des Komforts verwendeten wir nat\u00fcrliche Holzfasern bei der Isolierung, die ein nachhaltiges und heimeliges Ambiente schaffen. Bei diesem Design kommt unser Fokus auf Umweltschutz zum Ausdruck, und gleichzeitig schaffen wir praktische und ansprechende R\u00e4ume.<\/span><\/p>\n\n\t\t<\/div>\n\t<\/div>\n<\/div><\/div><\/div><div class=\"wpb_column vc_column_container vc_col-sm-6\"><div class=\"vc_column-inner vc_custom_1521538959754\"><div class=\"wpb_wrapper\">\n\t<div  class=\"wpb_single_image wpb_content_element vc_align_center  vc_custom_1715207120722\">\n\t\t\n\t\t<figure class=\"wpb_wrapper vc_figure\">\n\t\t\t<div class=\"vc_single_image-wrapper   vc_box_border_grey\"><img loading=\"lazy\" decoding=\"async\" width=\"719\" height=\"507\" src=\"https:\/\/gorsko-constructions.com\/wp-content\/uploads\/2024\/05\/pb.png\" class=\"vc_single_image-img attachment-full\" alt=\"\" title=\"pb\" srcset=\"https:\/\/gorsko-constructions.com\/wp-content\/uploads\/2024\/05\/pb.png 719w, https:\/\/gorsko-constructions.com\/wp-content\/uploads\/2024\/05\/pb-300x212.png 300w, https:\/\/gorsko-constructions.com\/wp-content\/uploads\/2024\/05\/pb-18x12.png 18w\" sizes=\"(max-width: 719px) 100vw, 719px\" \/><\/div>\n\t\t<\/figure>\n\t<\/div>\n<\/div><\/div><\/div><\/div><div class=\"vc_row-full-width vc_clearfix\"><\/div>\n<\/div>","protected":false},"excerpt":{"rendered":"Featured Project and ReferencesCommercial Building (440sqm) In 2018, we constructed a commercial office building (Slovenia), with a total area of 440 square meters, distributed over two floors of approximately 220 square meters each. The project included static calculations and workshop plans. The building's structure is made of glued wood, and insulated with stone wool. The [...]","protected":false},"author":1,"featured_media":0,"parent":0,"menu_order":0,"comment_status":"closed","ping_status":"closed","template":"","meta":{"footnotes":""},"_links":{"self":[{"href":"https:\/\/gorsko-constructions.com\/de\/wp-json\/wp\/v2\/pages\/2379"}],"collection":[{"href":"https:\/\/gorsko-constructions.com\/de\/wp-json\/wp\/v2\/pages"}],"about":[{"href":"https:\/\/gorsko-constructions.com\/de\/wp-json\/wp\/v2\/types\/page"}],"author":[{"embeddable":true,"href":"https:\/\/gorsko-constructions.com\/de\/wp-json\/wp\/v2\/users\/1"}],"replies":[{"embeddable":true,"href":"https:\/\/gorsko-constructions.com\/de\/wp-json\/wp\/v2\/comments?post=2379"}],"version-history":[{"count":12,"href":"https:\/\/gorsko-constructions.com\/de\/wp-json\/wp\/v2\/pages\/2379\/revisions"}],"predecessor-version":[{"id":3507,"href":"https:\/\/gorsko-constructions.com\/de\/wp-json\/wp\/v2\/pages\/2379\/revisions\/3507"}],"wp:attachment":[{"href":"https:\/\/gorsko-constructions.com\/de\/wp-json\/wp\/v2\/media?parent=2379"}],"curies":[{"name":"wp","href":"https:\/\/api.w.org\/{rel}","templated":true}]}}